{"id":2852,"date":"2015-07-10T16:35:33","date_gmt":"2015-07-10T15:35:33","guid":{"rendered":"https:\/\/storhy.com\/en\/contact\/"},"modified":"2020-01-03T16:10:51","modified_gmt":"2020-01-03T15:10:51","slug":"contact","status":"publish","type":"page","link":"https:\/\/storhy.com\/en\/contact\/","title":{"rendered":"N&#8217;h\u00e9sitez pas \u00e0 nous contacter, l&#8217;\u00e9quipe Storhy est \u00e0 votre \u00e9coute"},"content":{"rendered":"<div id=\"cs-content\" class=\"cs-content\"><\/div>\n","protected":false},"excerpt":{"rendered":"","protected":false},"author":11,"featured_media":0,"parent":0,"menu_order":0,"comment_status":"open","ping_status":"closed","template":"template-blank-4.php","meta":{"footnotes":""},"class_list":["post-2852","page","type-page","status-publish","hentry","no-post-thumbnail"],"yoast_head":"<!-- This site is optimized with the Yoast SEO plugin v27.4 - https:\/\/yoast.com\/product\/yoast-seo-wordpress\/ -->\n<title>N&#039;h\u00e9sitez pas \u00e0 nous contacter, l&#039;\u00e9quipe Storhy est \u00e0 votre \u00e9coute<\/title>\n<meta name=\"description\" content=\"Offrez \u00e0 votre PME la puissance d&#039;une bonne gestion RH gr\u00e2ce \u00e0 Storhy, la solution web de gestion des ressources humaines. N&#039;h\u00e9sitez pas \u00e0 contacter nos \u00e9quipes d&#039;experts SIRH. Vous pourrez obtenir plus d&#039;informations sur notre solution et r\u00e9pondre \u00e0 vos interrogations. Vous pourrez m\u00c3\u00aame profiter d&#039;un essai gratuit !\" \/>\n<meta name=\"robots\" content=\"index, follow, max-snippet:-1, max-image-preview:large, max-video-preview:-1\" \/>\n<link rel=\"canonical\" href=\"https:\/\/storhy.com\/en\/contact\/\" \/>\n<meta property=\"og:locale\" content=\"en_US\" \/>\n<meta property=\"og:type\" content=\"article\" \/>\n<meta property=\"og:title\" content=\"N&#039;h\u00e9sitez pas \u00e0 nous contacter, l&#039;\u00e9quipe Storhy est \u00e0 votre \u00e9coute\" \/>\n<meta property=\"og:description\" content=\"Offrez \u00e0 votre PME la puissance d&#039;une bonne gestion RH gr\u00e2ce \u00e0 Storhy, la solution web de gestion des ressources humaines. N&#039;h\u00e9sitez pas \u00e0 contacter nos \u00e9quipes d&#039;experts SIRH. Vous pourrez obtenir plus d&#039;informations sur notre solution et r\u00e9pondre \u00e0 vos interrogations. Vous pourrez m\u00c3\u00aame profiter d&#039;un essai gratuit !\" \/>\n<meta property=\"og:url\" content=\"https:\/\/storhy.com\/en\/contact\/\" \/>\n<meta property=\"og:site_name\" content=\"Storhy - La gestion RH pour les PME\" \/>\n<meta property=\"article:modified_time\" content=\"2020-01-03T15:10:51+00:00\" \/>\n<meta property=\"og:image\" content=\"https:\/\/storhy.com\/wp-content\/uploads\/2015\/09\/Logo-StorhyV4-SMALL-signature-e1442414792893.jpg\" \/>\n\t<meta property=\"og:image:width\" content=\"200\" \/>\n\t<meta property=\"og:image:height\" content=\"47\" \/>\n\t<meta property=\"og:image:type\" content=\"image\/jpeg\" \/>\n<meta name=\"twitter:card\" content=\"summary_large_image\" \/>\n<meta name=\"twitter:site\" content=\"@storhy\" \/>\n<meta name=\"twitter:label1\" content=\"Est. reading time\" \/>\n\t<meta name=\"twitter:data1\" content=\"15 minutes\" \/>\n<script type=\"application\/ld+json\" class=\"yoast-schema-graph\">{\"@context\":\"https:\\\/\\\/schema.org\",\"@graph\":[{\"@type\":\"WebPage\",\"@id\":\"https:\\\/\\\/storhy.com\\\/en\\\/contact\\\/\",\"url\":\"https:\\\/\\\/storhy.com\\\/en\\\/contact\\\/\",\"name\":\"N'h\u00e9sitez pas \u00e0 nous contacter, l'\u00e9quipe Storhy est \u00e0 votre \u00e9coute\",\"isPartOf\":{\"@id\":\"https:\\\/\\\/storhy.com\\\/#website\"},\"datePublished\":\"2015-07-10T15:35:33+00:00\",\"dateModified\":\"2020-01-03T15:10:51+00:00\",\"description\":\"Offrez \u00e0 votre PME la puissance d'une bonne gestion RH gr\u00e2ce \u00e0 Storhy, la solution web de gestion des ressources humaines. N'h\u00e9sitez pas \u00e0 contacter nos \u00e9quipes d'experts SIRH. Vous pourrez obtenir plus d'informations sur notre solution et r\u00e9pondre \u00e0 vos interrogations. Vous pourrez m\u00c3\u00aame profiter d'un essai gratuit !\",\"breadcrumb\":{\"@id\":\"https:\\\/\\\/storhy.com\\\/en\\\/contact\\\/#breadcrumb\"},\"inLanguage\":\"en-US\",\"potentialAction\":[{\"@type\":\"ReadAction\",\"target\":[\"https:\\\/\\\/storhy.com\\\/en\\\/contact\\\/\"]}]},{\"@type\":\"BreadcrumbList\",\"@id\":\"https:\\\/\\\/storhy.com\\\/en\\\/contact\\\/#breadcrumb\",\"itemListElement\":[{\"@type\":\"ListItem\",\"position\":1,\"name\":\"Accueil\",\"item\":\"https:\\\/\\\/storhy.com\\\/en\\\/\"},{\"@type\":\"ListItem\",\"position\":2,\"name\":\"N&#8217;h\u00e9sitez pas \u00e0 nous contacter, l&#8217;\u00e9quipe Storhy est \u00e0 votre \u00e9coute\"}]},{\"@type\":\"WebSite\",\"@id\":\"https:\\\/\\\/storhy.com\\\/#website\",\"url\":\"https:\\\/\\\/storhy.com\\\/\",\"name\":\"Storhy - La gestion RH pour les PME\",\"description\":\"La puissance de la gestion des ressources humaines pour les PME\",\"potentialAction\":[{\"@type\":\"SearchAction\",\"target\":{\"@type\":\"EntryPoint\",\"urlTemplate\":\"https:\\\/\\\/storhy.com\\\/?s={search_term_string}\"},\"query-input\":{\"@type\":\"PropertyValueSpecification\",\"valueRequired\":true,\"valueName\":\"search_term_string\"}}],\"inLanguage\":\"en-US\"}]}<\/script>\n<!-- \/ Yoast SEO plugin. -->","yoast_head_json":{"title":"N'h\u00e9sitez pas \u00e0 nous contacter, l'\u00e9quipe Storhy est \u00e0 votre \u00e9coute","description":"Offrez \u00e0 votre PME la puissance d'une bonne gestion RH gr\u00e2ce \u00e0 Storhy, la solution web de gestion des ressources humaines. N'h\u00e9sitez pas \u00e0 contacter nos \u00e9quipes d'experts SIRH. Vous pourrez obtenir plus d'informations sur notre solution et r\u00e9pondre \u00e0 vos interrogations. Vous pourrez m\u00c3\u00aame profiter d'un essai gratuit !","robots":{"index":"index","follow":"follow","max-snippet":"max-snippet:-1","max-image-preview":"max-image-preview:large","max-video-preview":"max-video-preview:-1"},"canonical":"https:\/\/storhy.com\/en\/contact\/","og_locale":"en_US","og_type":"article","og_title":"N'h\u00e9sitez pas \u00e0 nous contacter, l'\u00e9quipe Storhy est \u00e0 votre \u00e9coute","og_description":"Offrez \u00e0 votre PME la puissance d'une bonne gestion RH gr\u00e2ce \u00e0 Storhy, la solution web de gestion des ressources humaines. N'h\u00e9sitez pas \u00e0 contacter nos \u00e9quipes d'experts SIRH. Vous pourrez obtenir plus d'informations sur notre solution et r\u00e9pondre \u00e0 vos interrogations. Vous pourrez m\u00c3\u00aame profiter d'un essai gratuit !","og_url":"https:\/\/storhy.com\/en\/contact\/","og_site_name":"Storhy - La gestion RH pour les PME","article_modified_time":"2020-01-03T15:10:51+00:00","og_image":[{"width":200,"height":47,"url":"https:\/\/storhy.com\/wp-content\/uploads\/2015\/09\/Logo-StorhyV4-SMALL-signature-e1442414792893.jpg","type":"image\/jpeg"}],"twitter_card":"summary_large_image","twitter_site":"@storhy","twitter_misc":{"Est. reading time":"15 minutes"},"schema":{"@context":"https:\/\/schema.org","@graph":[{"@type":"WebPage","@id":"https:\/\/storhy.com\/en\/contact\/","url":"https:\/\/storhy.com\/en\/contact\/","name":"N'h\u00e9sitez pas \u00e0 nous contacter, l'\u00e9quipe Storhy est \u00e0 votre \u00e9coute","isPartOf":{"@id":"https:\/\/storhy.com\/#website"},"datePublished":"2015-07-10T15:35:33+00:00","dateModified":"2020-01-03T15:10:51+00:00","description":"Offrez \u00e0 votre PME la puissance d'une bonne gestion RH gr\u00e2ce \u00e0 Storhy, la solution web de gestion des ressources humaines. N'h\u00e9sitez pas \u00e0 contacter nos \u00e9quipes d'experts SIRH. Vous pourrez obtenir plus d'informations sur notre solution et r\u00e9pondre \u00e0 vos interrogations. Vous pourrez m\u00c3\u00aame profiter d'un essai gratuit !","breadcrumb":{"@id":"https:\/\/storhy.com\/en\/contact\/#breadcrumb"},"inLanguage":"en-US","potentialAction":[{"@type":"ReadAction","target":["https:\/\/storhy.com\/en\/contact\/"]}]},{"@type":"BreadcrumbList","@id":"https:\/\/storhy.com\/en\/contact\/#breadcrumb","itemListElement":[{"@type":"ListItem","position":1,"name":"Accueil","item":"https:\/\/storhy.com\/en\/"},{"@type":"ListItem","position":2,"name":"N&#8217;h\u00e9sitez pas \u00e0 nous contacter, l&#8217;\u00e9quipe Storhy est \u00e0 votre \u00e9coute"}]},{"@type":"WebSite","@id":"https:\/\/storhy.com\/#website","url":"https:\/\/storhy.com\/","name":"Storhy - La gestion RH pour les PME","description":"La puissance de la gestion des ressources humaines pour les PME","potentialAction":[{"@type":"SearchAction","target":{"@type":"EntryPoint","urlTemplate":"https:\/\/storhy.com\/?s={search_term_string}"},"query-input":{"@type":"PropertyValueSpecification","valueRequired":true,"valueName":"search_term_string"}}],"inLanguage":"en-US"}]}},"_links":{"self":[{"href":"https:\/\/storhy.com\/en\/wp-json\/wp\/v2\/pages\/2852","targetHints":{"allow":["GET"]}}],"collection":[{"href":"https:\/\/storhy.com\/en\/wp-json\/wp\/v2\/pages"}],"about":[{"href":"https:\/\/storhy.com\/en\/wp-json\/wp\/v2\/types\/page"}],"author":[{"embeddable":true,"href":"https:\/\/storhy.com\/en\/wp-json\/wp\/v2\/users\/11"}],"replies":[{"embeddable":true,"href":"https:\/\/storhy.com\/en\/wp-json\/wp\/v2\/comments?post=2852"}],"version-history":[{"count":25,"href":"https:\/\/storhy.com\/en\/wp-json\/wp\/v2\/pages\/2852\/revisions"}],"predecessor-version":[{"id":5714,"href":"https:\/\/storhy.com\/en\/wp-json\/wp\/v2\/pages\/2852\/revisions\/5714"}],"wp:attachment":[{"href":"https:\/\/storhy.com\/en\/wp-json\/wp\/v2\/media?parent=2852"}],"curies":[{"name":"wp","href":"https:\/\/api.w.org\/{rel}","templated":true}]}}