{"id":2815,"date":"2015-07-20T08:48:33","date_gmt":"2015-07-20T07:48:33","guid":{"rendered":"https:\/\/storhy.com\/en\/guided-tour\/gestion-des-notes-de-frais-2\/"},"modified":"2019-06-18T13:43:39","modified_gmt":"2019-06-18T12:43:39","slug":"expense-reports","status":"publish","type":"page","link":"https:\/\/storhy.com\/en\/hr-solution-sme\/expense-reports\/","title":{"rendered":"Expense reports"},"content":{"rendered":"<div id=\"cs-content\" class=\"cs-content\"><\/div>\n","protected":false},"excerpt":{"rendered":"","protected":false},"author":11,"featured_media":0,"parent":2746,"menu_order":0,"comment_status":"closed","ping_status":"closed","template":"template-blank-4.php","meta":{"footnotes":""},"class_list":["post-2815","page","type-page","status-publish","hentry","no-post-thumbnail"],"yoast_head":"<!-- This site is optimized with the Yoast SEO plugin v27.4 - https:\/\/yoast.com\/product\/yoast-seo-wordpress\/ -->\n<title>Expense reports - Storhy - La gestion RH pour les PME<\/title>\n<meta name=\"description\" content=\"Storhy facilite la gestion des notes de frais de vos collaborateurs : visibilit\u00e9 des d\u00e9penses, mois de papiers plus de temps. La fin d&#039;un casse-t\u00eate.\" \/>\n<meta name=\"robots\" content=\"index, follow, max-snippet:-1, max-image-preview:large, max-video-preview:-1\" \/>\n<link rel=\"canonical\" href=\"https:\/\/storhy.com\/en\/hr-solution-sme\/expense-reports\/\" \/>\n<meta property=\"og:locale\" content=\"en_US\" \/>\n<meta property=\"og:type\" content=\"article\" \/>\n<meta property=\"og:title\" content=\"Expense reports - Storhy - La gestion RH pour les PME\" \/>\n<meta property=\"og:description\" content=\"Storhy facilite la gestion des notes de frais de vos collaborateurs : visibilit\u00e9 des d\u00e9penses, mois de papiers plus de temps. La fin d&#039;un casse-t\u00eate.\" \/>\n<meta property=\"og:url\" content=\"https:\/\/storhy.com\/en\/hr-solution-sme\/expense-reports\/\" \/>\n<meta property=\"og:site_name\" content=\"Storhy - La gestion RH pour les PME\" \/>\n<meta property=\"article:modified_time\" content=\"2019-06-18T12:43:39+00:00\" \/>\n<meta property=\"og:image\" content=\"https:\/\/storhy.com\/wp-content\/uploads\/2015\/09\/Logo-StorhyV4-SMALL-signature-e1442414792893.jpg\" \/>\n\t<meta property=\"og:image:width\" content=\"200\" \/>\n\t<meta property=\"og:image:height\" content=\"47\" \/>\n\t<meta property=\"og:image:type\" content=\"image\/jpeg\" \/>\n<meta name=\"twitter:card\" content=\"summary_large_image\" \/>\n<meta name=\"twitter:site\" content=\"@storhy\" \/>\n<meta name=\"twitter:label1\" content=\"Est. reading time\" \/>\n\t<meta name=\"twitter:data1\" content=\"13 minutes\" \/>\n<script type=\"application\/ld+json\" class=\"yoast-schema-graph\">{\"@context\":\"https:\\\/\\\/schema.org\",\"@graph\":[{\"@type\":\"WebPage\",\"@id\":\"https:\\\/\\\/storhy.com\\\/en\\\/hr-solution-sme\\\/expense-reports\\\/\",\"url\":\"https:\\\/\\\/storhy.com\\\/en\\\/hr-solution-sme\\\/expense-reports\\\/\",\"name\":\"Expense reports - Storhy - La gestion RH pour les PME\",\"isPartOf\":{\"@id\":\"https:\\\/\\\/storhy.com\\\/#website\"},\"datePublished\":\"2015-07-20T07:48:33+00:00\",\"dateModified\":\"2019-06-18T12:43:39+00:00\",\"description\":\"Storhy facilite la gestion des notes de frais de vos collaborateurs : visibilit\u00e9 des d\u00e9penses, mois de papiers plus de temps. La fin d'un casse-t\u00eate.\",\"breadcrumb\":{\"@id\":\"https:\\\/\\\/storhy.com\\\/en\\\/hr-solution-sme\\\/expense-reports\\\/#breadcrumb\"},\"inLanguage\":\"en-US\",\"potentialAction\":[{\"@type\":\"ReadAction\",\"target\":[\"https:\\\/\\\/storhy.com\\\/en\\\/hr-solution-sme\\\/expense-reports\\\/\"]}]},{\"@type\":\"BreadcrumbList\",\"@id\":\"https:\\\/\\\/storhy.com\\\/en\\\/hr-solution-sme\\\/expense-reports\\\/#breadcrumb\",\"itemListElement\":[{\"@type\":\"ListItem\",\"position\":1,\"name\":\"Accueil\",\"item\":\"https:\\\/\\\/storhy.com\\\/en\\\/\"},{\"@type\":\"ListItem\",\"position\":2,\"name\":\"HR Solution for SME\",\"item\":\"https:\\\/\\\/storhy.com\\\/en\\\/hr-solution-sme\\\/\"},{\"@type\":\"ListItem\",\"position\":3,\"name\":\"Expense reports\"}]},{\"@type\":\"WebSite\",\"@id\":\"https:\\\/\\\/storhy.com\\\/#website\",\"url\":\"https:\\\/\\\/storhy.com\\\/\",\"name\":\"Storhy - La gestion RH pour les PME\",\"description\":\"La puissance de la gestion des ressources humaines pour les PME\",\"potentialAction\":[{\"@type\":\"SearchAction\",\"target\":{\"@type\":\"EntryPoint\",\"urlTemplate\":\"https:\\\/\\\/storhy.com\\\/?s={search_term_string}\"},\"query-input\":{\"@type\":\"PropertyValueSpecification\",\"valueRequired\":true,\"valueName\":\"search_term_string\"}}],\"inLanguage\":\"en-US\"}]}<\/script>\n<!-- \/ Yoast SEO plugin. -->","yoast_head_json":{"title":"Expense reports - Storhy - La gestion RH pour les PME","description":"Storhy facilite la gestion des notes de frais de vos collaborateurs : visibilit\u00e9 des d\u00e9penses, mois de papiers plus de temps. La fin d'un casse-t\u00eate.","robots":{"index":"index","follow":"follow","max-snippet":"max-snippet:-1","max-image-preview":"max-image-preview:large","max-video-preview":"max-video-preview:-1"},"canonical":"https:\/\/storhy.com\/en\/hr-solution-sme\/expense-reports\/","og_locale":"en_US","og_type":"article","og_title":"Expense reports - Storhy - La gestion RH pour les PME","og_description":"Storhy facilite la gestion des notes de frais de vos collaborateurs : visibilit\u00e9 des d\u00e9penses, mois de papiers plus de temps. La fin d'un casse-t\u00eate.","og_url":"https:\/\/storhy.com\/en\/hr-solution-sme\/expense-reports\/","og_site_name":"Storhy - La gestion RH pour les PME","article_modified_time":"2019-06-18T12:43:39+00:00","og_image":[{"width":200,"height":47,"url":"https:\/\/storhy.com\/wp-content\/uploads\/2015\/09\/Logo-StorhyV4-SMALL-signature-e1442414792893.jpg","type":"image\/jpeg"}],"twitter_card":"summary_large_image","twitter_site":"@storhy","twitter_misc":{"Est. reading time":"13 minutes"},"schema":{"@context":"https:\/\/schema.org","@graph":[{"@type":"WebPage","@id":"https:\/\/storhy.com\/en\/hr-solution-sme\/expense-reports\/","url":"https:\/\/storhy.com\/en\/hr-solution-sme\/expense-reports\/","name":"Expense reports - Storhy - La gestion RH pour les PME","isPartOf":{"@id":"https:\/\/storhy.com\/#website"},"datePublished":"2015-07-20T07:48:33+00:00","dateModified":"2019-06-18T12:43:39+00:00","description":"Storhy facilite la gestion des notes de frais de vos collaborateurs : visibilit\u00e9 des d\u00e9penses, mois de papiers plus de temps. La fin d'un casse-t\u00eate.","breadcrumb":{"@id":"https:\/\/storhy.com\/en\/hr-solution-sme\/expense-reports\/#breadcrumb"},"inLanguage":"en-US","potentialAction":[{"@type":"ReadAction","target":["https:\/\/storhy.com\/en\/hr-solution-sme\/expense-reports\/"]}]},{"@type":"BreadcrumbList","@id":"https:\/\/storhy.com\/en\/hr-solution-sme\/expense-reports\/#breadcrumb","itemListElement":[{"@type":"ListItem","position":1,"name":"Accueil","item":"https:\/\/storhy.com\/en\/"},{"@type":"ListItem","position":2,"name":"HR Solution for SME","item":"https:\/\/storhy.com\/en\/hr-solution-sme\/"},{"@type":"ListItem","position":3,"name":"Expense reports"}]},{"@type":"WebSite","@id":"https:\/\/storhy.com\/#website","url":"https:\/\/storhy.com\/","name":"Storhy - La gestion RH pour les PME","description":"La puissance de la gestion des ressources humaines pour les PME","potentialAction":[{"@type":"SearchAction","target":{"@type":"EntryPoint","urlTemplate":"https:\/\/storhy.com\/?s={search_term_string}"},"query-input":{"@type":"PropertyValueSpecification","valueRequired":true,"valueName":"search_term_string"}}],"inLanguage":"en-US"}]}},"_links":{"self":[{"href":"https:\/\/storhy.com\/en\/wp-json\/wp\/v2\/pages\/2815","targetHints":{"allow":["GET"]}}],"collection":[{"href":"https:\/\/storhy.com\/en\/wp-json\/wp\/v2\/pages"}],"about":[{"href":"https:\/\/storhy.com\/en\/wp-json\/wp\/v2\/types\/page"}],"author":[{"embeddable":true,"href":"https:\/\/storhy.com\/en\/wp-json\/wp\/v2\/users\/11"}],"replies":[{"embeddable":true,"href":"https:\/\/storhy.com\/en\/wp-json\/wp\/v2\/comments?post=2815"}],"version-history":[{"count":23,"href":"https:\/\/storhy.com\/en\/wp-json\/wp\/v2\/pages\/2815\/revisions"}],"predecessor-version":[{"id":5510,"href":"https:\/\/storhy.com\/en\/wp-json\/wp\/v2\/pages\/2815\/revisions\/5510"}],"up":[{"embeddable":true,"href":"https:\/\/storhy.com\/en\/wp-json\/wp\/v2\/pages\/2746"}],"wp:attachment":[{"href":"https:\/\/storhy.com\/en\/wp-json\/wp\/v2\/media?parent=2815"}],"curies":[{"name":"wp","href":"https:\/\/api.w.org\/{rel}","templated":true}]}}