{"id":2799,"date":"2015-06-25T17:38:26","date_gmt":"2015-06-25T16:38:26","guid":{"rendered":"https:\/\/storhy.com\/en\/guided-tour\/rapports-et-modeles-de-lettres\/"},"modified":"2019-05-15T11:29:07","modified_gmt":"2019-05-15T10:29:07","slug":"rapports-et-modeles-de-lettres","status":"publish","type":"page","link":"https:\/\/storhy.com\/en\/hr-solution-sme\/personnel-files-management\/rapports-et-modeles-de-lettres\/","title":{"rendered":"Mod\u00e8les de lettres"},"content":{"rendered":"<div id=\"cs-content\" class=\"cs-content\"><\/div>\n","protected":false},"excerpt":{"rendered":"<p>Storhy automatise la cr\u00e9ation de lettres et rapports Word ou PDF.Concentrez-vous sur des activit\u00e9s \u00e0 forte valeur ajout\u00e9e.Le logiciel SIRH Storhy vous permet d\u2019automatiser la cr\u00e9ation de lettres et rapports pour la gestion de vos donn\u00e9es RH. Attestations, lettres, convocations, d\u00e9clarations, demandes, fiches, cr\u00e9ez vos propres mod\u00e8les de documents et Storhy les remplira avec les informations ad\u00e9quates.Gestion administrative des donn\u00e9es RH : cr\u00e9ez vos mod\u00e8les de lettresL\u2019utilisation d\u2019un SIRH pour la cr\u00e9ation de lettres et rapports standardis\u00e9s sera un v\u00e9ritable gain de temps et de productivit\u00e9 pour les personnes en charge des ressources humaines de votre PME. En effet, les &#8230; <\/p>\n<div><a href=\"https:\/\/storhy.com\/en\/hr-solution-sme\/personnel-files-management\/rapports-et-modeles-de-lettres\/\" class=\"more-link\">Read More<\/a><\/div>\n","protected":false},"author":11,"featured_media":0,"parent":2814,"menu_order":0,"comment_status":"open","ping_status":"closed","template":"template-blank-4.php","meta":{"footnotes":""},"class_list":["post-2799","page","type-page","status-publish","hentry","no-post-thumbnail"],"yoast_head":"<!-- This site is optimized with the Yoast SEO plugin v27.4 - https:\/\/yoast.com\/product\/yoast-seo-wordpress\/ -->\n<title>Mod\u00e8les de documents RH - SIRH pour PME<\/title>\n<meta name=\"description\" content=\"Profitez de la puissance d&#039;une bonne gestion RH pour votre PME gr\u00e2ce aux fonctionnalit\u00e9s du logiciel Storhy. Avec ce SIRH, la cr\u00e9ation de lettres et rapports est automatis\u00e9e. En vous d\u00e9chargeant de ces t\u00e2ches administratives, vous pouvez vous concentrer sur des activit\u00e9s \u00e0 forte valeur ajout\u00e9e\" \/>\n<meta name=\"robots\" content=\"index, follow, max-snippet:-1, max-image-preview:large, max-video-preview:-1\" \/>\n<link rel=\"canonical\" href=\"https:\/\/storhy.com\/en\/hr-solution-sme\/personnel-files-management\/rapports-et-modeles-de-lettres\/\" \/>\n<meta property=\"og:locale\" content=\"en_US\" \/>\n<meta property=\"og:type\" content=\"article\" \/>\n<meta property=\"og:title\" content=\"Mod\u00e8les de documents RH - SIRH pour PME\" \/>\n<meta property=\"og:description\" content=\"Profitez de la puissance d&#039;une bonne gestion RH pour votre PME gr\u00e2ce aux fonctionnalit\u00e9s du logiciel Storhy. Avec ce SIRH, la cr\u00e9ation de lettres et rapports est automatis\u00e9e. En vous d\u00e9chargeant de ces t\u00e2ches administratives, vous pouvez vous concentrer sur des activit\u00e9s \u00e0 forte valeur ajout\u00e9e\" \/>\n<meta property=\"og:url\" content=\"https:\/\/storhy.com\/en\/hr-solution-sme\/personnel-files-management\/rapports-et-modeles-de-lettres\/\" \/>\n<meta property=\"og:site_name\" content=\"Storhy - La gestion RH pour les PME\" \/>\n<meta property=\"article:modified_time\" content=\"2019-05-15T10:29:07+00:00\" \/>\n<meta property=\"og:image\" content=\"https:\/\/storhy.com\/wp-content\/uploads\/2015\/09\/Logo-StorhyV4-SMALL-signature-e1442414792893.jpg\" \/>\n\t<meta property=\"og:image:width\" content=\"200\" \/>\n\t<meta property=\"og:image:height\" content=\"47\" \/>\n\t<meta property=\"og:image:type\" content=\"image\/jpeg\" \/>\n<meta name=\"twitter:card\" content=\"summary_large_image\" \/>\n<meta name=\"twitter:site\" content=\"@storhy\" \/>\n<meta name=\"twitter:label1\" content=\"Est. reading time\" \/>\n\t<meta name=\"twitter:data1\" content=\"6 minutes\" \/>\n<script type=\"application\/ld+json\" class=\"yoast-schema-graph\">{\"@context\":\"https:\\\/\\\/schema.org\",\"@graph\":[{\"@type\":\"WebPage\",\"@id\":\"https:\\\/\\\/storhy.com\\\/en\\\/hr-solution-sme\\\/personnel-files-management\\\/rapports-et-modeles-de-lettres\\\/\",\"url\":\"https:\\\/\\\/storhy.com\\\/en\\\/hr-solution-sme\\\/personnel-files-management\\\/rapports-et-modeles-de-lettres\\\/\",\"name\":\"Mod\u00e8les de documents RH - SIRH pour PME\",\"isPartOf\":{\"@id\":\"https:\\\/\\\/storhy.com\\\/#website\"},\"datePublished\":\"2015-06-25T16:38:26+00:00\",\"dateModified\":\"2019-05-15T10:29:07+00:00\",\"description\":\"Profitez de la puissance d'une bonne gestion RH pour votre PME gr\u00e2ce aux fonctionnalit\u00e9s du logiciel Storhy. Avec ce SIRH, la cr\u00e9ation de lettres et rapports est automatis\u00e9e. En vous d\u00e9chargeant de ces t\u00e2ches administratives, vous pouvez vous concentrer sur des activit\u00e9s \u00e0 forte valeur ajout\u00e9e\",\"breadcrumb\":{\"@id\":\"https:\\\/\\\/storhy.com\\\/en\\\/hr-solution-sme\\\/personnel-files-management\\\/rapports-et-modeles-de-lettres\\\/#breadcrumb\"},\"inLanguage\":\"en-US\",\"potentialAction\":[{\"@type\":\"ReadAction\",\"target\":[\"https:\\\/\\\/storhy.com\\\/en\\\/hr-solution-sme\\\/personnel-files-management\\\/rapports-et-modeles-de-lettres\\\/\"]}]},{\"@type\":\"BreadcrumbList\",\"@id\":\"https:\\\/\\\/storhy.com\\\/en\\\/hr-solution-sme\\\/personnel-files-management\\\/rapports-et-modeles-de-lettres\\\/#breadcrumb\",\"itemListElement\":[{\"@type\":\"ListItem\",\"position\":1,\"name\":\"Accueil\",\"item\":\"https:\\\/\\\/storhy.com\\\/en\\\/\"},{\"@type\":\"ListItem\",\"position\":2,\"name\":\"HR Solution for SME\",\"item\":\"https:\\\/\\\/storhy.com\\\/en\\\/hr-solution-sme\\\/\"},{\"@type\":\"ListItem\",\"position\":3,\"name\":\"Personnel files management\",\"item\":\"https:\\\/\\\/storhy.com\\\/en\\\/hr-solution-sme\\\/personnel-files-management\\\/\"},{\"@type\":\"ListItem\",\"position\":4,\"name\":\"Mod\u00e8les de lettres\"}]},{\"@type\":\"WebSite\",\"@id\":\"https:\\\/\\\/storhy.com\\\/#website\",\"url\":\"https:\\\/\\\/storhy.com\\\/\",\"name\":\"Storhy - La gestion RH pour les PME\",\"description\":\"La puissance de la gestion des ressources humaines pour les PME\",\"potentialAction\":[{\"@type\":\"SearchAction\",\"target\":{\"@type\":\"EntryPoint\",\"urlTemplate\":\"https:\\\/\\\/storhy.com\\\/?s={search_term_string}\"},\"query-input\":{\"@type\":\"PropertyValueSpecification\",\"valueRequired\":true,\"valueName\":\"search_term_string\"}}],\"inLanguage\":\"en-US\"}]}<\/script>\n<!-- \/ Yoast SEO plugin. -->","yoast_head_json":{"title":"Mod\u00e8les de documents RH - SIRH pour PME","description":"Profitez de la puissance d'une bonne gestion RH pour votre PME gr\u00e2ce aux fonctionnalit\u00e9s du logiciel Storhy. Avec ce SIRH, la cr\u00e9ation de lettres et rapports est automatis\u00e9e. En vous d\u00e9chargeant de ces t\u00e2ches administratives, vous pouvez vous concentrer sur des activit\u00e9s \u00e0 forte valeur ajout\u00e9e","robots":{"index":"index","follow":"follow","max-snippet":"max-snippet:-1","max-image-preview":"max-image-preview:large","max-video-preview":"max-video-preview:-1"},"canonical":"https:\/\/storhy.com\/en\/hr-solution-sme\/personnel-files-management\/rapports-et-modeles-de-lettres\/","og_locale":"en_US","og_type":"article","og_title":"Mod\u00e8les de documents RH - SIRH pour PME","og_description":"Profitez de la puissance d'une bonne gestion RH pour votre PME gr\u00e2ce aux fonctionnalit\u00e9s du logiciel Storhy. Avec ce SIRH, la cr\u00e9ation de lettres et rapports est automatis\u00e9e. En vous d\u00e9chargeant de ces t\u00e2ches administratives, vous pouvez vous concentrer sur des activit\u00e9s \u00e0 forte valeur ajout\u00e9e","og_url":"https:\/\/storhy.com\/en\/hr-solution-sme\/personnel-files-management\/rapports-et-modeles-de-lettres\/","og_site_name":"Storhy - La gestion RH pour les PME","article_modified_time":"2019-05-15T10:29:07+00:00","og_image":[{"width":200,"height":47,"url":"https:\/\/storhy.com\/wp-content\/uploads\/2015\/09\/Logo-StorhyV4-SMALL-signature-e1442414792893.jpg","type":"image\/jpeg"}],"twitter_card":"summary_large_image","twitter_site":"@storhy","twitter_misc":{"Est. reading time":"6 minutes"},"schema":{"@context":"https:\/\/schema.org","@graph":[{"@type":"WebPage","@id":"https:\/\/storhy.com\/en\/hr-solution-sme\/personnel-files-management\/rapports-et-modeles-de-lettres\/","url":"https:\/\/storhy.com\/en\/hr-solution-sme\/personnel-files-management\/rapports-et-modeles-de-lettres\/","name":"Mod\u00e8les de documents RH - SIRH pour PME","isPartOf":{"@id":"https:\/\/storhy.com\/#website"},"datePublished":"2015-06-25T16:38:26+00:00","dateModified":"2019-05-15T10:29:07+00:00","description":"Profitez de la puissance d'une bonne gestion RH pour votre PME gr\u00e2ce aux fonctionnalit\u00e9s du logiciel Storhy. Avec ce SIRH, la cr\u00e9ation de lettres et rapports est automatis\u00e9e. En vous d\u00e9chargeant de ces t\u00e2ches administratives, vous pouvez vous concentrer sur des activit\u00e9s \u00e0 forte valeur ajout\u00e9e","breadcrumb":{"@id":"https:\/\/storhy.com\/en\/hr-solution-sme\/personnel-files-management\/rapports-et-modeles-de-lettres\/#breadcrumb"},"inLanguage":"en-US","potentialAction":[{"@type":"ReadAction","target":["https:\/\/storhy.com\/en\/hr-solution-sme\/personnel-files-management\/rapports-et-modeles-de-lettres\/"]}]},{"@type":"BreadcrumbList","@id":"https:\/\/storhy.com\/en\/hr-solution-sme\/personnel-files-management\/rapports-et-modeles-de-lettres\/#breadcrumb","itemListElement":[{"@type":"ListItem","position":1,"name":"Accueil","item":"https:\/\/storhy.com\/en\/"},{"@type":"ListItem","position":2,"name":"HR Solution for SME","item":"https:\/\/storhy.com\/en\/hr-solution-sme\/"},{"@type":"ListItem","position":3,"name":"Personnel files management","item":"https:\/\/storhy.com\/en\/hr-solution-sme\/personnel-files-management\/"},{"@type":"ListItem","position":4,"name":"Mod\u00e8les de lettres"}]},{"@type":"WebSite","@id":"https:\/\/storhy.com\/#website","url":"https:\/\/storhy.com\/","name":"Storhy - La gestion RH pour les PME","description":"La puissance de la gestion des ressources humaines pour les PME","potentialAction":[{"@type":"SearchAction","target":{"@type":"EntryPoint","urlTemplate":"https:\/\/storhy.com\/?s={search_term_string}"},"query-input":{"@type":"PropertyValueSpecification","valueRequired":true,"valueName":"search_term_string"}}],"inLanguage":"en-US"}]}},"_links":{"self":[{"href":"https:\/\/storhy.com\/en\/wp-json\/wp\/v2\/pages\/2799","targetHints":{"allow":["GET"]}}],"collection":[{"href":"https:\/\/storhy.com\/en\/wp-json\/wp\/v2\/pages"}],"about":[{"href":"https:\/\/storhy.com\/en\/wp-json\/wp\/v2\/types\/page"}],"author":[{"embeddable":true,"href":"https:\/\/storhy.com\/en\/wp-json\/wp\/v2\/users\/11"}],"replies":[{"embeddable":true,"href":"https:\/\/storhy.com\/en\/wp-json\/wp\/v2\/comments?post=2799"}],"version-history":[{"count":12,"href":"https:\/\/storhy.com\/en\/wp-json\/wp\/v2\/pages\/2799\/revisions"}],"predecessor-version":[{"id":5410,"href":"https:\/\/storhy.com\/en\/wp-json\/wp\/v2\/pages\/2799\/revisions\/5410"}],"up":[{"embeddable":true,"href":"https:\/\/storhy.com\/en\/wp-json\/wp\/v2\/pages\/2814"}],"wp:attachment":[{"href":"https:\/\/storhy.com\/en\/wp-json\/wp\/v2\/media?parent=2799"}],"curies":[{"name":"wp","href":"https:\/\/api.w.org\/{rel}","templated":true}]}}