{"id":2798,"date":"2015-06-25T17:36:25","date_gmt":"2015-06-25T16:36:25","guid":{"rendered":"https:\/\/storhy.com\/en\/guided-tour\/stockage-de-documents\/"},"modified":"2020-02-17T15:03:35","modified_gmt":"2020-02-17T14:03:35","slug":"stockage-de-documents","status":"publish","type":"page","link":"https:\/\/storhy.com\/en\/hr-solution-sme\/personnel-files-management\/stockage-de-documents\/","title":{"rendered":"Stockage de documents"},"content":{"rendered":"<div id=\"cs-content\" class=\"cs-content\"><\/div>\n","protected":false},"excerpt":{"rendered":"<p>Storhy stocke pour vous un nombre illimit\u00e9 de documents.Pourquoi conserver vos documents RH ? La gestion documentaire consiste \u00e0 mutualiser les documents RH relatifs aux collaborateurs via la mise en place d\u2019une plateforme de stockage de documents. Bulletin de salaire, arr\u00eats de travail, contrats de travail et autres documents relatifs au RH sont centralis\u00e9s et accessibles depuis un seul et m\u00eame outil. Faire appel \u00e0 une solution de stockage et de gestion documentaire pr\u00e9sente de nombreux avantages pour une PME. Une gestion documentaire optimaleL\u2019utilisation d\u2019une solution SIRH vous permet, entre autres, une meilleure gestion documentaire. Tous les documents sont trait\u00e9s &#8230; <\/p>\n<div><a href=\"https:\/\/storhy.com\/en\/hr-solution-sme\/personnel-files-management\/stockage-de-documents\/\" class=\"more-link\">Read More<\/a><\/div>\n","protected":false},"author":11,"featured_media":0,"parent":2814,"menu_order":0,"comment_status":"open","ping_status":"closed","template":"template-blank-4.php","meta":{"footnotes":""},"class_list":["post-2798","page","type-page","status-publish","hentry","no-post-thumbnail"],"yoast_head":"<!-- This site is optimized with the Yoast SEO plugin v27.4 - https:\/\/yoast.com\/product\/yoast-seo-wordpress\/ -->\n<title>Fonctionnalit\u00e9s SIRH pour PME : stockage de documents<\/title>\n<meta name=\"description\" content=\"Profitez de la puissance d&#039;une bonne gestion RH pour votre PME gr\u00e2ce aux fonctionnalit\u00e9s du logiciel Storhy. A travers notre logiciel SIRH, Storhy stocke pour vous un nombre illimit\u00e9 de documents. Gr\u00e2ce \u00e0 notre solution vous pouvez importer, stocker, partager, trouver et visualiser vos documents RH.\" \/>\n<meta name=\"robots\" content=\"index, follow, max-snippet:-1, max-image-preview:large, max-video-preview:-1\" \/>\n<link rel=\"canonical\" href=\"https:\/\/storhy.com\/en\/hr-solution-sme\/personnel-files-management\/stockage-de-documents\/\" \/>\n<meta property=\"og:locale\" content=\"en_US\" \/>\n<meta property=\"og:type\" content=\"article\" \/>\n<meta property=\"og:title\" content=\"Fonctionnalit\u00e9s SIRH pour PME : stockage de documents\" \/>\n<meta property=\"og:description\" content=\"Profitez de la puissance d&#039;une bonne gestion RH pour votre PME gr\u00e2ce aux fonctionnalit\u00e9s du logiciel Storhy. A travers notre logiciel SIRH, Storhy stocke pour vous un nombre illimit\u00e9 de documents. Gr\u00e2ce \u00e0 notre solution vous pouvez importer, stocker, partager, trouver et visualiser vos documents RH.\" \/>\n<meta property=\"og:url\" content=\"https:\/\/storhy.com\/en\/hr-solution-sme\/personnel-files-management\/stockage-de-documents\/\" \/>\n<meta property=\"og:site_name\" content=\"Storhy - La gestion RH pour les PME\" \/>\n<meta property=\"article:modified_time\" content=\"2020-02-17T14:03:35+00:00\" \/>\n<meta property=\"og:image\" content=\"https:\/\/storhy.com\/wp-content\/uploads\/2015\/09\/Logo-StorhyV4-SMALL-signature-e1442414792893.jpg\" \/>\n\t<meta property=\"og:image:width\" content=\"200\" \/>\n\t<meta property=\"og:image:height\" content=\"47\" \/>\n\t<meta property=\"og:image:type\" content=\"image\/jpeg\" \/>\n<meta name=\"twitter:card\" content=\"summary_large_image\" \/>\n<meta name=\"twitter:site\" content=\"@storhy\" \/>\n<meta name=\"twitter:label1\" content=\"Est. reading time\" \/>\n\t<meta name=\"twitter:data1\" content=\"12 minutes\" \/>\n<script type=\"application\/ld+json\" class=\"yoast-schema-graph\">{\"@context\":\"https:\\\/\\\/schema.org\",\"@graph\":[{\"@type\":\"WebPage\",\"@id\":\"https:\\\/\\\/storhy.com\\\/en\\\/hr-solution-sme\\\/personnel-files-management\\\/stockage-de-documents\\\/\",\"url\":\"https:\\\/\\\/storhy.com\\\/en\\\/hr-solution-sme\\\/personnel-files-management\\\/stockage-de-documents\\\/\",\"name\":\"Fonctionnalit\u00e9s SIRH pour PME : stockage de documents\",\"isPartOf\":{\"@id\":\"https:\\\/\\\/storhy.com\\\/#website\"},\"datePublished\":\"2015-06-25T16:36:25+00:00\",\"dateModified\":\"2020-02-17T14:03:35+00:00\",\"description\":\"Profitez de la puissance d'une bonne gestion RH pour votre PME gr\u00e2ce aux fonctionnalit\u00e9s du logiciel Storhy. A travers notre logiciel SIRH, Storhy stocke pour vous un nombre illimit\u00e9 de documents. Gr\u00e2ce \u00e0 notre solution vous pouvez importer, stocker, partager, trouver et visualiser vos documents RH.\",\"breadcrumb\":{\"@id\":\"https:\\\/\\\/storhy.com\\\/en\\\/hr-solution-sme\\\/personnel-files-management\\\/stockage-de-documents\\\/#breadcrumb\"},\"inLanguage\":\"en-US\",\"potentialAction\":[{\"@type\":\"ReadAction\",\"target\":[\"https:\\\/\\\/storhy.com\\\/en\\\/hr-solution-sme\\\/personnel-files-management\\\/stockage-de-documents\\\/\"]}]},{\"@type\":\"BreadcrumbList\",\"@id\":\"https:\\\/\\\/storhy.com\\\/en\\\/hr-solution-sme\\\/personnel-files-management\\\/stockage-de-documents\\\/#breadcrumb\",\"itemListElement\":[{\"@type\":\"ListItem\",\"position\":1,\"name\":\"Accueil\",\"item\":\"https:\\\/\\\/storhy.com\\\/en\\\/\"},{\"@type\":\"ListItem\",\"position\":2,\"name\":\"HR Solution for SME\",\"item\":\"https:\\\/\\\/storhy.com\\\/en\\\/hr-solution-sme\\\/\"},{\"@type\":\"ListItem\",\"position\":3,\"name\":\"Personnel files management\",\"item\":\"https:\\\/\\\/storhy.com\\\/en\\\/hr-solution-sme\\\/personnel-files-management\\\/\"},{\"@type\":\"ListItem\",\"position\":4,\"name\":\"Stockage de documents\"}]},{\"@type\":\"WebSite\",\"@id\":\"https:\\\/\\\/storhy.com\\\/#website\",\"url\":\"https:\\\/\\\/storhy.com\\\/\",\"name\":\"Storhy - La gestion RH pour les PME\",\"description\":\"La puissance de la gestion des ressources humaines pour les PME\",\"potentialAction\":[{\"@type\":\"SearchAction\",\"target\":{\"@type\":\"EntryPoint\",\"urlTemplate\":\"https:\\\/\\\/storhy.com\\\/?s={search_term_string}\"},\"query-input\":{\"@type\":\"PropertyValueSpecification\",\"valueRequired\":true,\"valueName\":\"search_term_string\"}}],\"inLanguage\":\"en-US\"}]}<\/script>\n<!-- \/ Yoast SEO plugin. -->","yoast_head_json":{"title":"Fonctionnalit\u00e9s SIRH pour PME : stockage de documents","description":"Profitez de la puissance d'une bonne gestion RH pour votre PME gr\u00e2ce aux fonctionnalit\u00e9s du logiciel Storhy. A travers notre logiciel SIRH, Storhy stocke pour vous un nombre illimit\u00e9 de documents. Gr\u00e2ce \u00e0 notre solution vous pouvez importer, stocker, partager, trouver et visualiser vos documents RH.","robots":{"index":"index","follow":"follow","max-snippet":"max-snippet:-1","max-image-preview":"max-image-preview:large","max-video-preview":"max-video-preview:-1"},"canonical":"https:\/\/storhy.com\/en\/hr-solution-sme\/personnel-files-management\/stockage-de-documents\/","og_locale":"en_US","og_type":"article","og_title":"Fonctionnalit\u00e9s SIRH pour PME : stockage de documents","og_description":"Profitez de la puissance d'une bonne gestion RH pour votre PME gr\u00e2ce aux fonctionnalit\u00e9s du logiciel Storhy. A travers notre logiciel SIRH, Storhy stocke pour vous un nombre illimit\u00e9 de documents. Gr\u00e2ce \u00e0 notre solution vous pouvez importer, stocker, partager, trouver et visualiser vos documents RH.","og_url":"https:\/\/storhy.com\/en\/hr-solution-sme\/personnel-files-management\/stockage-de-documents\/","og_site_name":"Storhy - La gestion RH pour les PME","article_modified_time":"2020-02-17T14:03:35+00:00","og_image":[{"width":200,"height":47,"url":"https:\/\/storhy.com\/wp-content\/uploads\/2015\/09\/Logo-StorhyV4-SMALL-signature-e1442414792893.jpg","type":"image\/jpeg"}],"twitter_card":"summary_large_image","twitter_site":"@storhy","twitter_misc":{"Est. reading time":"12 minutes"},"schema":{"@context":"https:\/\/schema.org","@graph":[{"@type":"WebPage","@id":"https:\/\/storhy.com\/en\/hr-solution-sme\/personnel-files-management\/stockage-de-documents\/","url":"https:\/\/storhy.com\/en\/hr-solution-sme\/personnel-files-management\/stockage-de-documents\/","name":"Fonctionnalit\u00e9s SIRH pour PME : stockage de documents","isPartOf":{"@id":"https:\/\/storhy.com\/#website"},"datePublished":"2015-06-25T16:36:25+00:00","dateModified":"2020-02-17T14:03:35+00:00","description":"Profitez de la puissance d'une bonne gestion RH pour votre PME gr\u00e2ce aux fonctionnalit\u00e9s du logiciel Storhy. A travers notre logiciel SIRH, Storhy stocke pour vous un nombre illimit\u00e9 de documents. Gr\u00e2ce \u00e0 notre solution vous pouvez importer, stocker, partager, trouver et visualiser vos documents RH.","breadcrumb":{"@id":"https:\/\/storhy.com\/en\/hr-solution-sme\/personnel-files-management\/stockage-de-documents\/#breadcrumb"},"inLanguage":"en-US","potentialAction":[{"@type":"ReadAction","target":["https:\/\/storhy.com\/en\/hr-solution-sme\/personnel-files-management\/stockage-de-documents\/"]}]},{"@type":"BreadcrumbList","@id":"https:\/\/storhy.com\/en\/hr-solution-sme\/personnel-files-management\/stockage-de-documents\/#breadcrumb","itemListElement":[{"@type":"ListItem","position":1,"name":"Accueil","item":"https:\/\/storhy.com\/en\/"},{"@type":"ListItem","position":2,"name":"HR Solution for SME","item":"https:\/\/storhy.com\/en\/hr-solution-sme\/"},{"@type":"ListItem","position":3,"name":"Personnel files management","item":"https:\/\/storhy.com\/en\/hr-solution-sme\/personnel-files-management\/"},{"@type":"ListItem","position":4,"name":"Stockage de documents"}]},{"@type":"WebSite","@id":"https:\/\/storhy.com\/#website","url":"https:\/\/storhy.com\/","name":"Storhy - La gestion RH pour les PME","description":"La puissance de la gestion des ressources humaines pour les PME","potentialAction":[{"@type":"SearchAction","target":{"@type":"EntryPoint","urlTemplate":"https:\/\/storhy.com\/?s={search_term_string}"},"query-input":{"@type":"PropertyValueSpecification","valueRequired":true,"valueName":"search_term_string"}}],"inLanguage":"en-US"}]}},"_links":{"self":[{"href":"https:\/\/storhy.com\/en\/wp-json\/wp\/v2\/pages\/2798","targetHints":{"allow":["GET"]}}],"collection":[{"href":"https:\/\/storhy.com\/en\/wp-json\/wp\/v2\/pages"}],"about":[{"href":"https:\/\/storhy.com\/en\/wp-json\/wp\/v2\/types\/page"}],"author":[{"embeddable":true,"href":"https:\/\/storhy.com\/en\/wp-json\/wp\/v2\/users\/11"}],"replies":[{"embeddable":true,"href":"https:\/\/storhy.com\/en\/wp-json\/wp\/v2\/comments?post=2798"}],"version-history":[{"count":22,"href":"https:\/\/storhy.com\/en\/wp-json\/wp\/v2\/pages\/2798\/revisions"}],"predecessor-version":[{"id":5809,"href":"https:\/\/storhy.com\/en\/wp-json\/wp\/v2\/pages\/2798\/revisions\/5809"}],"up":[{"embeddable":true,"href":"https:\/\/storhy.com\/en\/wp-json\/wp\/v2\/pages\/2814"}],"wp:attachment":[{"href":"https:\/\/storhy.com\/en\/wp-json\/wp\/v2\/media?parent=2798"}],"curies":[{"name":"wp","href":"https:\/\/api.w.org\/{rel}","templated":true}]}}