{"id":2788,"date":"2015-06-25T17:37:38","date_gmt":"2015-06-25T16:37:38","guid":{"rendered":"https:\/\/storhy.com\/en\/guided-tour\/outils-de-communication\/"},"modified":"2019-05-15T11:24:33","modified_gmt":"2019-05-15T10:24:33","slug":"outils-de-communication","status":"publish","type":"page","link":"https:\/\/storhy.com\/en\/hr-solution-sme\/personnel-files-management\/outils-de-communication\/","title":{"rendered":"Le logiciel SIRH Storhy au service de la communication interne"},"content":{"rendered":"<div id=\"cs-content\" class=\"cs-content\"><\/div>\n","protected":false},"excerpt":{"rendered":"","protected":false},"author":11,"featured_media":0,"parent":2814,"menu_order":0,"comment_status":"open","ping_status":"closed","template":"template-blank-4.php","meta":{"footnotes":""},"class_list":["post-2788","page","type-page","status-publish","hentry","no-post-thumbnail"],"yoast_head":"<!-- This site is optimized with the Yoast SEO plugin v27.4 - https:\/\/yoast.com\/product\/yoast-seo-wordpress\/ -->\n<title>SIRH : les outils au service de la communication interne<\/title>\n<meta name=\"description\" content=\"Profitez de la puissance d&#039;une bonne gestion RH pour votre PME gr\u00e2ce \u00e0 Storhy. Pour faciliter la communication dans l&#039;entreprise, Storhy met \u00e0 disposition des clients des outils de communication. Cela permet aux PME de diffuser l\u2019information et de vous assurer qu\u2019elle soit vue et lue.\" \/>\n<meta name=\"robots\" content=\"index, follow, max-snippet:-1, max-image-preview:large, max-video-preview:-1\" \/>\n<link rel=\"canonical\" href=\"https:\/\/storhy.com\/en\/hr-solution-sme\/personnel-files-management\/outils-de-communication\/\" \/>\n<meta property=\"og:locale\" content=\"en_US\" \/>\n<meta property=\"og:type\" content=\"article\" \/>\n<meta property=\"og:title\" content=\"SIRH : les outils au service de la communication interne\" \/>\n<meta property=\"og:description\" content=\"Profitez de la puissance d&#039;une bonne gestion RH pour votre PME gr\u00e2ce \u00e0 Storhy. Pour faciliter la communication dans l&#039;entreprise, Storhy met \u00e0 disposition des clients des outils de communication. Cela permet aux PME de diffuser l\u2019information et de vous assurer qu\u2019elle soit vue et lue.\" \/>\n<meta property=\"og:url\" content=\"https:\/\/storhy.com\/en\/hr-solution-sme\/personnel-files-management\/outils-de-communication\/\" \/>\n<meta property=\"og:site_name\" content=\"Storhy - La gestion RH pour les PME\" \/>\n<meta property=\"article:modified_time\" content=\"2019-05-15T10:24:33+00:00\" \/>\n<meta property=\"og:image\" content=\"https:\/\/storhy.com\/wp-content\/uploads\/2015\/09\/Logo-StorhyV4-SMALL-signature-e1442414792893.jpg\" \/>\n\t<meta property=\"og:image:width\" content=\"200\" \/>\n\t<meta property=\"og:image:height\" content=\"47\" \/>\n\t<meta property=\"og:image:type\" content=\"image\/jpeg\" \/>\n<meta name=\"twitter:card\" content=\"summary_large_image\" \/>\n<meta name=\"twitter:site\" content=\"@storhy\" \/>\n<meta name=\"twitter:label1\" content=\"Est. reading time\" \/>\n\t<meta name=\"twitter:data1\" content=\"7 minutes\" \/>\n<script type=\"application\/ld+json\" class=\"yoast-schema-graph\">{\"@context\":\"https:\\\/\\\/schema.org\",\"@graph\":[{\"@type\":\"WebPage\",\"@id\":\"https:\\\/\\\/storhy.com\\\/en\\\/hr-solution-sme\\\/personnel-files-management\\\/outils-de-communication\\\/\",\"url\":\"https:\\\/\\\/storhy.com\\\/en\\\/hr-solution-sme\\\/personnel-files-management\\\/outils-de-communication\\\/\",\"name\":\"SIRH : les outils au service de la communication interne\",\"isPartOf\":{\"@id\":\"https:\\\/\\\/storhy.com\\\/#website\"},\"datePublished\":\"2015-06-25T16:37:38+00:00\",\"dateModified\":\"2019-05-15T10:24:33+00:00\",\"description\":\"Profitez de la puissance d'une bonne gestion RH pour votre PME gr\u00e2ce \u00e0 Storhy. Pour faciliter la communication dans l'entreprise, Storhy met \u00e0 disposition des clients des outils de communication. Cela permet aux PME de diffuser l\u2019information et de vous assurer qu\u2019elle soit vue et lue.\",\"breadcrumb\":{\"@id\":\"https:\\\/\\\/storhy.com\\\/en\\\/hr-solution-sme\\\/personnel-files-management\\\/outils-de-communication\\\/#breadcrumb\"},\"inLanguage\":\"en-US\",\"potentialAction\":[{\"@type\":\"ReadAction\",\"target\":[\"https:\\\/\\\/storhy.com\\\/en\\\/hr-solution-sme\\\/personnel-files-management\\\/outils-de-communication\\\/\"]}]},{\"@type\":\"BreadcrumbList\",\"@id\":\"https:\\\/\\\/storhy.com\\\/en\\\/hr-solution-sme\\\/personnel-files-management\\\/outils-de-communication\\\/#breadcrumb\",\"itemListElement\":[{\"@type\":\"ListItem\",\"position\":1,\"name\":\"Accueil\",\"item\":\"https:\\\/\\\/storhy.com\\\/en\\\/\"},{\"@type\":\"ListItem\",\"position\":2,\"name\":\"HR Solution for SME\",\"item\":\"https:\\\/\\\/storhy.com\\\/en\\\/hr-solution-sme\\\/\"},{\"@type\":\"ListItem\",\"position\":3,\"name\":\"Personnel files management\",\"item\":\"https:\\\/\\\/storhy.com\\\/en\\\/hr-solution-sme\\\/personnel-files-management\\\/\"},{\"@type\":\"ListItem\",\"position\":4,\"name\":\"Le logiciel SIRH Storhy au service de la communication interne\"}]},{\"@type\":\"WebSite\",\"@id\":\"https:\\\/\\\/storhy.com\\\/#website\",\"url\":\"https:\\\/\\\/storhy.com\\\/\",\"name\":\"Storhy - La gestion RH pour les PME\",\"description\":\"La puissance de la gestion des ressources humaines pour les PME\",\"potentialAction\":[{\"@type\":\"SearchAction\",\"target\":{\"@type\":\"EntryPoint\",\"urlTemplate\":\"https:\\\/\\\/storhy.com\\\/?s={search_term_string}\"},\"query-input\":{\"@type\":\"PropertyValueSpecification\",\"valueRequired\":true,\"valueName\":\"search_term_string\"}}],\"inLanguage\":\"en-US\"}]}<\/script>\n<!-- \/ Yoast SEO plugin. -->","yoast_head_json":{"title":"SIRH : les outils au service de la communication interne","description":"Profitez de la puissance d'une bonne gestion RH pour votre PME gr\u00e2ce \u00e0 Storhy. Pour faciliter la communication dans l'entreprise, Storhy met \u00e0 disposition des clients des outils de communication. Cela permet aux PME de diffuser l\u2019information et de vous assurer qu\u2019elle soit vue et lue.","robots":{"index":"index","follow":"follow","max-snippet":"max-snippet:-1","max-image-preview":"max-image-preview:large","max-video-preview":"max-video-preview:-1"},"canonical":"https:\/\/storhy.com\/en\/hr-solution-sme\/personnel-files-management\/outils-de-communication\/","og_locale":"en_US","og_type":"article","og_title":"SIRH : les outils au service de la communication interne","og_description":"Profitez de la puissance d'une bonne gestion RH pour votre PME gr\u00e2ce \u00e0 Storhy. Pour faciliter la communication dans l'entreprise, Storhy met \u00e0 disposition des clients des outils de communication. Cela permet aux PME de diffuser l\u2019information et de vous assurer qu\u2019elle soit vue et lue.","og_url":"https:\/\/storhy.com\/en\/hr-solution-sme\/personnel-files-management\/outils-de-communication\/","og_site_name":"Storhy - La gestion RH pour les PME","article_modified_time":"2019-05-15T10:24:33+00:00","og_image":[{"width":200,"height":47,"url":"https:\/\/storhy.com\/wp-content\/uploads\/2015\/09\/Logo-StorhyV4-SMALL-signature-e1442414792893.jpg","type":"image\/jpeg"}],"twitter_card":"summary_large_image","twitter_site":"@storhy","twitter_misc":{"Est. reading time":"7 minutes"},"schema":{"@context":"https:\/\/schema.org","@graph":[{"@type":"WebPage","@id":"https:\/\/storhy.com\/en\/hr-solution-sme\/personnel-files-management\/outils-de-communication\/","url":"https:\/\/storhy.com\/en\/hr-solution-sme\/personnel-files-management\/outils-de-communication\/","name":"SIRH : les outils au service de la communication interne","isPartOf":{"@id":"https:\/\/storhy.com\/#website"},"datePublished":"2015-06-25T16:37:38+00:00","dateModified":"2019-05-15T10:24:33+00:00","description":"Profitez de la puissance d'une bonne gestion RH pour votre PME gr\u00e2ce \u00e0 Storhy. Pour faciliter la communication dans l'entreprise, Storhy met \u00e0 disposition des clients des outils de communication. Cela permet aux PME de diffuser l\u2019information et de vous assurer qu\u2019elle soit vue et lue.","breadcrumb":{"@id":"https:\/\/storhy.com\/en\/hr-solution-sme\/personnel-files-management\/outils-de-communication\/#breadcrumb"},"inLanguage":"en-US","potentialAction":[{"@type":"ReadAction","target":["https:\/\/storhy.com\/en\/hr-solution-sme\/personnel-files-management\/outils-de-communication\/"]}]},{"@type":"BreadcrumbList","@id":"https:\/\/storhy.com\/en\/hr-solution-sme\/personnel-files-management\/outils-de-communication\/#breadcrumb","itemListElement":[{"@type":"ListItem","position":1,"name":"Accueil","item":"https:\/\/storhy.com\/en\/"},{"@type":"ListItem","position":2,"name":"HR Solution for SME","item":"https:\/\/storhy.com\/en\/hr-solution-sme\/"},{"@type":"ListItem","position":3,"name":"Personnel files management","item":"https:\/\/storhy.com\/en\/hr-solution-sme\/personnel-files-management\/"},{"@type":"ListItem","position":4,"name":"Le logiciel SIRH Storhy au service de la communication interne"}]},{"@type":"WebSite","@id":"https:\/\/storhy.com\/#website","url":"https:\/\/storhy.com\/","name":"Storhy - La gestion RH pour les PME","description":"La puissance de la gestion des ressources humaines pour les PME","potentialAction":[{"@type":"SearchAction","target":{"@type":"EntryPoint","urlTemplate":"https:\/\/storhy.com\/?s={search_term_string}"},"query-input":{"@type":"PropertyValueSpecification","valueRequired":true,"valueName":"search_term_string"}}],"inLanguage":"en-US"}]}},"_links":{"self":[{"href":"https:\/\/storhy.com\/en\/wp-json\/wp\/v2\/pages\/2788","targetHints":{"allow":["GET"]}}],"collection":[{"href":"https:\/\/storhy.com\/en\/wp-json\/wp\/v2\/pages"}],"about":[{"href":"https:\/\/storhy.com\/en\/wp-json\/wp\/v2\/types\/page"}],"author":[{"embeddable":true,"href":"https:\/\/storhy.com\/en\/wp-json\/wp\/v2\/users\/11"}],"replies":[{"embeddable":true,"href":"https:\/\/storhy.com\/en\/wp-json\/wp\/v2\/comments?post=2788"}],"version-history":[{"count":18,"href":"https:\/\/storhy.com\/en\/wp-json\/wp\/v2\/pages\/2788\/revisions"}],"predecessor-version":[{"id":5408,"href":"https:\/\/storhy.com\/en\/wp-json\/wp\/v2\/pages\/2788\/revisions\/5408"}],"up":[{"embeddable":true,"href":"https:\/\/storhy.com\/en\/wp-json\/wp\/v2\/pages\/2814"}],"wp:attachment":[{"href":"https:\/\/storhy.com\/en\/wp-json\/wp\/v2\/media?parent=2788"}],"curies":[{"name":"wp","href":"https:\/\/api.w.org\/{rel}","templated":true}]}}