{"id":2783,"date":"2015-06-25T17:36:46","date_gmt":"2015-06-25T16:36:46","guid":{"rendered":"https:\/\/storhy.com\/en\/guided-tour\/cloud-et-securite\/"},"modified":"2016-06-21T11:17:36","modified_gmt":"2016-06-21T10:17:36","slug":"cloud-and-security","status":"publish","type":"page","link":"https:\/\/storhy.com\/en\/hr-solution-sme\/features\/cloud-and-security\/","title":{"rendered":"Cloud and security"},"content":{"rendered":"<div id=\"cs-content\" class=\"cs-content\"><\/div>\n","protected":false},"excerpt":{"rendered":"","protected":false},"author":11,"featured_media":0,"parent":2750,"menu_order":0,"comment_status":"open","ping_status":"closed","template":"template-blank-4.php","meta":{"footnotes":""},"class_list":["post-2783","page","type-page","status-publish","hentry","no-post-thumbnail"],"yoast_head":"<!-- This site is optimized with the Yoast SEO plugin v27.4 - https:\/\/yoast.com\/product\/yoast-seo-wordpress\/ -->\n<title>Cloud et s\u00e9curit\u00e9 : Storhy conserve vos donn\u00e9es en lieu s\u00fbr.<\/title>\n<meta name=\"description\" content=\"Cloud et s\u00e9curit\u00e9 : Profitez du Cloud. Soyez tranquille. Toutes vos donn\u00e9es sont conserv\u00e9es de mani\u00e8re s\u00e9curis\u00e9e dans des serveurs en Europe.\" \/>\n<meta name=\"robots\" content=\"index, follow, max-snippet:-1, max-image-preview:large, max-video-preview:-1\" \/>\n<link rel=\"canonical\" href=\"https:\/\/storhy.com\/en\/hr-solution-sme\/features\/cloud-and-security\/\" \/>\n<meta property=\"og:locale\" content=\"en_US\" \/>\n<meta property=\"og:type\" content=\"article\" \/>\n<meta property=\"og:title\" content=\"Cloud et s\u00e9curit\u00e9 : Storhy conserve vos donn\u00e9es en lieu s\u00fbr.\" \/>\n<meta property=\"og:description\" content=\"Cloud et s\u00e9curit\u00e9 : Profitez du Cloud. Soyez tranquille. Toutes vos donn\u00e9es sont conserv\u00e9es de mani\u00e8re s\u00e9curis\u00e9e dans des serveurs en Europe.\" \/>\n<meta property=\"og:url\" content=\"https:\/\/storhy.com\/en\/hr-solution-sme\/features\/cloud-and-security\/\" \/>\n<meta property=\"og:site_name\" content=\"Storhy - La gestion RH pour les PME\" \/>\n<meta property=\"article:modified_time\" content=\"2016-06-21T10:17:36+00:00\" \/>\n<meta property=\"og:image\" content=\"https:\/\/storhy.com\/wp-content\/uploads\/2015\/09\/Logo-StorhyV4-SMALL-signature-e1442414792893.jpg\" \/>\n\t<meta property=\"og:image:width\" content=\"200\" \/>\n\t<meta property=\"og:image:height\" content=\"47\" \/>\n\t<meta property=\"og:image:type\" content=\"image\/jpeg\" \/>\n<meta name=\"twitter:card\" content=\"summary_large_image\" \/>\n<meta name=\"twitter:site\" content=\"@storhy\" \/>\n<meta name=\"twitter:label1\" content=\"Est. reading time\" \/>\n\t<meta name=\"twitter:data1\" content=\"5 minutes\" \/>\n<script type=\"application\/ld+json\" class=\"yoast-schema-graph\">{\"@context\":\"https:\\\/\\\/schema.org\",\"@graph\":[{\"@type\":\"WebPage\",\"@id\":\"https:\\\/\\\/storhy.com\\\/en\\\/hr-solution-sme\\\/features\\\/cloud-and-security\\\/\",\"url\":\"https:\\\/\\\/storhy.com\\\/en\\\/hr-solution-sme\\\/features\\\/cloud-and-security\\\/\",\"name\":\"Cloud et s\u00e9curit\u00e9 : Storhy conserve vos donn\u00e9es en lieu s\u00fbr.\",\"isPartOf\":{\"@id\":\"https:\\\/\\\/storhy.com\\\/#website\"},\"datePublished\":\"2015-06-25T16:36:46+00:00\",\"dateModified\":\"2016-06-21T10:17:36+00:00\",\"description\":\"Cloud et s\u00e9curit\u00e9 : Profitez du Cloud. Soyez tranquille. Toutes vos donn\u00e9es sont conserv\u00e9es de mani\u00e8re s\u00e9curis\u00e9e dans des serveurs en Europe.\",\"breadcrumb\":{\"@id\":\"https:\\\/\\\/storhy.com\\\/en\\\/hr-solution-sme\\\/features\\\/cloud-and-security\\\/#breadcrumb\"},\"inLanguage\":\"en-US\",\"potentialAction\":[{\"@type\":\"ReadAction\",\"target\":[\"https:\\\/\\\/storhy.com\\\/en\\\/hr-solution-sme\\\/features\\\/cloud-and-security\\\/\"]}]},{\"@type\":\"BreadcrumbList\",\"@id\":\"https:\\\/\\\/storhy.com\\\/en\\\/hr-solution-sme\\\/features\\\/cloud-and-security\\\/#breadcrumb\",\"itemListElement\":[{\"@type\":\"ListItem\",\"position\":1,\"name\":\"Accueil\",\"item\":\"https:\\\/\\\/storhy.com\\\/en\\\/\"},{\"@type\":\"ListItem\",\"position\":2,\"name\":\"HR Solution for SME\",\"item\":\"https:\\\/\\\/storhy.com\\\/en\\\/hr-solution-sme\\\/\"},{\"@type\":\"ListItem\",\"position\":3,\"name\":\"Features\",\"item\":\"https:\\\/\\\/storhy.com\\\/en\\\/hr-solution-sme\\\/features\\\/\"},{\"@type\":\"ListItem\",\"position\":4,\"name\":\"Cloud and security\"}]},{\"@type\":\"WebSite\",\"@id\":\"https:\\\/\\\/storhy.com\\\/#website\",\"url\":\"https:\\\/\\\/storhy.com\\\/\",\"name\":\"Storhy - La gestion RH pour les PME\",\"description\":\"La puissance de la gestion des ressources humaines pour les PME\",\"potentialAction\":[{\"@type\":\"SearchAction\",\"target\":{\"@type\":\"EntryPoint\",\"urlTemplate\":\"https:\\\/\\\/storhy.com\\\/?s={search_term_string}\"},\"query-input\":{\"@type\":\"PropertyValueSpecification\",\"valueRequired\":true,\"valueName\":\"search_term_string\"}}],\"inLanguage\":\"en-US\"}]}<\/script>\n<!-- \/ Yoast SEO plugin. -->","yoast_head_json":{"title":"Cloud et s\u00e9curit\u00e9 : Storhy conserve vos donn\u00e9es en lieu s\u00fbr.","description":"Cloud et s\u00e9curit\u00e9 : Profitez du Cloud. Soyez tranquille. Toutes vos donn\u00e9es sont conserv\u00e9es de mani\u00e8re s\u00e9curis\u00e9e dans des serveurs en Europe.","robots":{"index":"index","follow":"follow","max-snippet":"max-snippet:-1","max-image-preview":"max-image-preview:large","max-video-preview":"max-video-preview:-1"},"canonical":"https:\/\/storhy.com\/en\/hr-solution-sme\/features\/cloud-and-security\/","og_locale":"en_US","og_type":"article","og_title":"Cloud et s\u00e9curit\u00e9 : Storhy conserve vos donn\u00e9es en lieu s\u00fbr.","og_description":"Cloud et s\u00e9curit\u00e9 : Profitez du Cloud. Soyez tranquille. Toutes vos donn\u00e9es sont conserv\u00e9es de mani\u00e8re s\u00e9curis\u00e9e dans des serveurs en Europe.","og_url":"https:\/\/storhy.com\/en\/hr-solution-sme\/features\/cloud-and-security\/","og_site_name":"Storhy - La gestion RH pour les PME","article_modified_time":"2016-06-21T10:17:36+00:00","og_image":[{"width":200,"height":47,"url":"https:\/\/storhy.com\/wp-content\/uploads\/2015\/09\/Logo-StorhyV4-SMALL-signature-e1442414792893.jpg","type":"image\/jpeg"}],"twitter_card":"summary_large_image","twitter_site":"@storhy","twitter_misc":{"Est. reading time":"5 minutes"},"schema":{"@context":"https:\/\/schema.org","@graph":[{"@type":"WebPage","@id":"https:\/\/storhy.com\/en\/hr-solution-sme\/features\/cloud-and-security\/","url":"https:\/\/storhy.com\/en\/hr-solution-sme\/features\/cloud-and-security\/","name":"Cloud et s\u00e9curit\u00e9 : Storhy conserve vos donn\u00e9es en lieu s\u00fbr.","isPartOf":{"@id":"https:\/\/storhy.com\/#website"},"datePublished":"2015-06-25T16:36:46+00:00","dateModified":"2016-06-21T10:17:36+00:00","description":"Cloud et s\u00e9curit\u00e9 : Profitez du Cloud. Soyez tranquille. Toutes vos donn\u00e9es sont conserv\u00e9es de mani\u00e8re s\u00e9curis\u00e9e dans des serveurs en Europe.","breadcrumb":{"@id":"https:\/\/storhy.com\/en\/hr-solution-sme\/features\/cloud-and-security\/#breadcrumb"},"inLanguage":"en-US","potentialAction":[{"@type":"ReadAction","target":["https:\/\/storhy.com\/en\/hr-solution-sme\/features\/cloud-and-security\/"]}]},{"@type":"BreadcrumbList","@id":"https:\/\/storhy.com\/en\/hr-solution-sme\/features\/cloud-and-security\/#breadcrumb","itemListElement":[{"@type":"ListItem","position":1,"name":"Accueil","item":"https:\/\/storhy.com\/en\/"},{"@type":"ListItem","position":2,"name":"HR Solution for SME","item":"https:\/\/storhy.com\/en\/hr-solution-sme\/"},{"@type":"ListItem","position":3,"name":"Features","item":"https:\/\/storhy.com\/en\/hr-solution-sme\/features\/"},{"@type":"ListItem","position":4,"name":"Cloud and security"}]},{"@type":"WebSite","@id":"https:\/\/storhy.com\/#website","url":"https:\/\/storhy.com\/","name":"Storhy - La gestion RH pour les PME","description":"La puissance de la gestion des ressources humaines pour les PME","potentialAction":[{"@type":"SearchAction","target":{"@type":"EntryPoint","urlTemplate":"https:\/\/storhy.com\/?s={search_term_string}"},"query-input":{"@type":"PropertyValueSpecification","valueRequired":true,"valueName":"search_term_string"}}],"inLanguage":"en-US"}]}},"_links":{"self":[{"href":"https:\/\/storhy.com\/en\/wp-json\/wp\/v2\/pages\/2783","targetHints":{"allow":["GET"]}}],"collection":[{"href":"https:\/\/storhy.com\/en\/wp-json\/wp\/v2\/pages"}],"about":[{"href":"https:\/\/storhy.com\/en\/wp-json\/wp\/v2\/types\/page"}],"author":[{"embeddable":true,"href":"https:\/\/storhy.com\/en\/wp-json\/wp\/v2\/users\/11"}],"replies":[{"embeddable":true,"href":"https:\/\/storhy.com\/en\/wp-json\/wp\/v2\/comments?post=2783"}],"version-history":[{"count":13,"href":"https:\/\/storhy.com\/en\/wp-json\/wp\/v2\/pages\/2783\/revisions"}],"predecessor-version":[{"id":3488,"href":"https:\/\/storhy.com\/en\/wp-json\/wp\/v2\/pages\/2783\/revisions\/3488"}],"up":[{"embeddable":true,"href":"https:\/\/storhy.com\/en\/wp-json\/wp\/v2\/pages\/2750"}],"wp:attachment":[{"href":"https:\/\/storhy.com\/en\/wp-json\/wp\/v2\/media?parent=2783"}],"curies":[{"name":"wp","href":"https:\/\/api.w.org\/{rel}","templated":true}]}}