{"id":2779,"date":"2015-07-10T12:34:06","date_gmt":"2015-07-10T11:34:06","guid":{"rendered":"https:\/\/storhy.com\/en\/guided-tour\/analyses-et-requetes\/"},"modified":"2019-05-15T11:13:32","modified_gmt":"2019-05-15T10:13:32","slug":"analyses-et-requetes","status":"publish","type":"page","link":"https:\/\/storhy.com\/en\/hr-solution-sme\/personnel-files-management\/analyses-et-requetes\/","title":{"rendered":"Analyses et requ\u00eates"},"content":{"rendered":"<div id=\"cs-content\" class=\"cs-content\"><\/div>\n","protected":false},"excerpt":{"rendered":"","protected":false},"author":11,"featured_media":0,"parent":2814,"menu_order":0,"comment_status":"open","ping_status":"closed","template":"template-blank-4.php","meta":{"footnotes":""},"class_list":["post-2779","page","type-page","status-publish","hentry","no-post-thumbnail"],"yoast_head":"<!-- This site is optimized with the Yoast SEO plugin v27.4 - https:\/\/yoast.com\/product\/yoast-seo-wordpress\/ -->\n<title>Fonctionnalit\u00e9s SIRH pour PME : analyse des donn\u00e9es du personnel<\/title>\n<meta name=\"description\" content=\"Profitez de la puissance d&#039;une bonne gestion RH pour votre PME gr\u00e2ce aux fonctionnalit\u00e9s du logiciel Storhy. A travers notre logiciel SIRH, Storhy analyse la population de votre entreprise. Gr\u00e2ce \u00e0 l&#039;analyse des donn\u00e9es de vos employ\u00e9s (contrats, coordonn\u00e9es,\u2026), prenez des d\u00e9cisions \u00e9clair\u00e9es plus facilement.\" \/>\n<meta name=\"robots\" content=\"index, follow, max-snippet:-1, max-image-preview:large, max-video-preview:-1\" \/>\n<link rel=\"canonical\" href=\"https:\/\/storhy.com\/en\/hr-solution-sme\/personnel-files-management\/analyses-et-requetes\/\" \/>\n<meta property=\"og:locale\" content=\"en_US\" \/>\n<meta property=\"og:type\" content=\"article\" \/>\n<meta property=\"og:title\" content=\"Fonctionnalit\u00e9s SIRH pour PME : analyse des donn\u00e9es du personnel\" \/>\n<meta property=\"og:description\" content=\"Profitez de la puissance d&#039;une bonne gestion RH pour votre PME gr\u00e2ce aux fonctionnalit\u00e9s du logiciel Storhy. A travers notre logiciel SIRH, Storhy analyse la population de votre entreprise. Gr\u00e2ce \u00e0 l&#039;analyse des donn\u00e9es de vos employ\u00e9s (contrats, coordonn\u00e9es,\u2026), prenez des d\u00e9cisions \u00e9clair\u00e9es plus facilement.\" \/>\n<meta property=\"og:url\" content=\"https:\/\/storhy.com\/en\/hr-solution-sme\/personnel-files-management\/analyses-et-requetes\/\" \/>\n<meta property=\"og:site_name\" content=\"Storhy - La gestion RH pour les PME\" \/>\n<meta property=\"article:modified_time\" content=\"2019-05-15T10:13:32+00:00\" \/>\n<meta property=\"og:image\" content=\"https:\/\/storhy.com\/wp-content\/uploads\/2015\/09\/Logo-StorhyV4-SMALL-signature-e1442414792893.jpg\" \/>\n\t<meta property=\"og:image:width\" content=\"200\" \/>\n\t<meta property=\"og:image:height\" content=\"47\" \/>\n\t<meta property=\"og:image:type\" content=\"image\/jpeg\" \/>\n<meta name=\"twitter:card\" content=\"summary_large_image\" \/>\n<meta name=\"twitter:site\" content=\"@storhy\" \/>\n<meta name=\"twitter:label1\" content=\"Est. reading time\" \/>\n\t<meta name=\"twitter:data1\" content=\"7 minutes\" \/>\n<script type=\"application\/ld+json\" class=\"yoast-schema-graph\">{\"@context\":\"https:\\\/\\\/schema.org\",\"@graph\":[{\"@type\":\"WebPage\",\"@id\":\"https:\\\/\\\/storhy.com\\\/en\\\/hr-solution-sme\\\/personnel-files-management\\\/analyses-et-requetes\\\/\",\"url\":\"https:\\\/\\\/storhy.com\\\/en\\\/hr-solution-sme\\\/personnel-files-management\\\/analyses-et-requetes\\\/\",\"name\":\"Fonctionnalit\u00e9s SIRH pour PME : analyse des donn\u00e9es du personnel\",\"isPartOf\":{\"@id\":\"https:\\\/\\\/storhy.com\\\/#website\"},\"datePublished\":\"2015-07-10T11:34:06+00:00\",\"dateModified\":\"2019-05-15T10:13:32+00:00\",\"description\":\"Profitez de la puissance d'une bonne gestion RH pour votre PME gr\u00e2ce aux fonctionnalit\u00e9s du logiciel Storhy. A travers notre logiciel SIRH, Storhy analyse la population de votre entreprise. Gr\u00e2ce \u00e0 l'analyse des donn\u00e9es de vos employ\u00e9s (contrats, coordonn\u00e9es,\u2026), prenez des d\u00e9cisions \u00e9clair\u00e9es plus facilement.\",\"breadcrumb\":{\"@id\":\"https:\\\/\\\/storhy.com\\\/en\\\/hr-solution-sme\\\/personnel-files-management\\\/analyses-et-requetes\\\/#breadcrumb\"},\"inLanguage\":\"en-US\",\"potentialAction\":[{\"@type\":\"ReadAction\",\"target\":[\"https:\\\/\\\/storhy.com\\\/en\\\/hr-solution-sme\\\/personnel-files-management\\\/analyses-et-requetes\\\/\"]}]},{\"@type\":\"BreadcrumbList\",\"@id\":\"https:\\\/\\\/storhy.com\\\/en\\\/hr-solution-sme\\\/personnel-files-management\\\/analyses-et-requetes\\\/#breadcrumb\",\"itemListElement\":[{\"@type\":\"ListItem\",\"position\":1,\"name\":\"Accueil\",\"item\":\"https:\\\/\\\/storhy.com\\\/en\\\/\"},{\"@type\":\"ListItem\",\"position\":2,\"name\":\"HR Solution for SME\",\"item\":\"https:\\\/\\\/storhy.com\\\/en\\\/hr-solution-sme\\\/\"},{\"@type\":\"ListItem\",\"position\":3,\"name\":\"Personnel files management\",\"item\":\"https:\\\/\\\/storhy.com\\\/en\\\/hr-solution-sme\\\/personnel-files-management\\\/\"},{\"@type\":\"ListItem\",\"position\":4,\"name\":\"Analyses et requ\u00eates\"}]},{\"@type\":\"WebSite\",\"@id\":\"https:\\\/\\\/storhy.com\\\/#website\",\"url\":\"https:\\\/\\\/storhy.com\\\/\",\"name\":\"Storhy - La gestion RH pour les PME\",\"description\":\"La puissance de la gestion des ressources humaines pour les PME\",\"potentialAction\":[{\"@type\":\"SearchAction\",\"target\":{\"@type\":\"EntryPoint\",\"urlTemplate\":\"https:\\\/\\\/storhy.com\\\/?s={search_term_string}\"},\"query-input\":{\"@type\":\"PropertyValueSpecification\",\"valueRequired\":true,\"valueName\":\"search_term_string\"}}],\"inLanguage\":\"en-US\"}]}<\/script>\n<!-- \/ Yoast SEO plugin. -->","yoast_head_json":{"title":"Fonctionnalit\u00e9s SIRH pour PME : analyse des donn\u00e9es du personnel","description":"Profitez de la puissance d'une bonne gestion RH pour votre PME gr\u00e2ce aux fonctionnalit\u00e9s du logiciel Storhy. A travers notre logiciel SIRH, Storhy analyse la population de votre entreprise. Gr\u00e2ce \u00e0 l'analyse des donn\u00e9es de vos employ\u00e9s (contrats, coordonn\u00e9es,\u2026), prenez des d\u00e9cisions \u00e9clair\u00e9es plus facilement.","robots":{"index":"index","follow":"follow","max-snippet":"max-snippet:-1","max-image-preview":"max-image-preview:large","max-video-preview":"max-video-preview:-1"},"canonical":"https:\/\/storhy.com\/en\/hr-solution-sme\/personnel-files-management\/analyses-et-requetes\/","og_locale":"en_US","og_type":"article","og_title":"Fonctionnalit\u00e9s SIRH pour PME : analyse des donn\u00e9es du personnel","og_description":"Profitez de la puissance d'une bonne gestion RH pour votre PME gr\u00e2ce aux fonctionnalit\u00e9s du logiciel Storhy. A travers notre logiciel SIRH, Storhy analyse la population de votre entreprise. Gr\u00e2ce \u00e0 l'analyse des donn\u00e9es de vos employ\u00e9s (contrats, coordonn\u00e9es,\u2026), prenez des d\u00e9cisions \u00e9clair\u00e9es plus facilement.","og_url":"https:\/\/storhy.com\/en\/hr-solution-sme\/personnel-files-management\/analyses-et-requetes\/","og_site_name":"Storhy - La gestion RH pour les PME","article_modified_time":"2019-05-15T10:13:32+00:00","og_image":[{"width":200,"height":47,"url":"https:\/\/storhy.com\/wp-content\/uploads\/2015\/09\/Logo-StorhyV4-SMALL-signature-e1442414792893.jpg","type":"image\/jpeg"}],"twitter_card":"summary_large_image","twitter_site":"@storhy","twitter_misc":{"Est. reading time":"7 minutes"},"schema":{"@context":"https:\/\/schema.org","@graph":[{"@type":"WebPage","@id":"https:\/\/storhy.com\/en\/hr-solution-sme\/personnel-files-management\/analyses-et-requetes\/","url":"https:\/\/storhy.com\/en\/hr-solution-sme\/personnel-files-management\/analyses-et-requetes\/","name":"Fonctionnalit\u00e9s SIRH pour PME : analyse des donn\u00e9es du personnel","isPartOf":{"@id":"https:\/\/storhy.com\/#website"},"datePublished":"2015-07-10T11:34:06+00:00","dateModified":"2019-05-15T10:13:32+00:00","description":"Profitez de la puissance d'une bonne gestion RH pour votre PME gr\u00e2ce aux fonctionnalit\u00e9s du logiciel Storhy. A travers notre logiciel SIRH, Storhy analyse la population de votre entreprise. Gr\u00e2ce \u00e0 l'analyse des donn\u00e9es de vos employ\u00e9s (contrats, coordonn\u00e9es,\u2026), prenez des d\u00e9cisions \u00e9clair\u00e9es plus facilement.","breadcrumb":{"@id":"https:\/\/storhy.com\/en\/hr-solution-sme\/personnel-files-management\/analyses-et-requetes\/#breadcrumb"},"inLanguage":"en-US","potentialAction":[{"@type":"ReadAction","target":["https:\/\/storhy.com\/en\/hr-solution-sme\/personnel-files-management\/analyses-et-requetes\/"]}]},{"@type":"BreadcrumbList","@id":"https:\/\/storhy.com\/en\/hr-solution-sme\/personnel-files-management\/analyses-et-requetes\/#breadcrumb","itemListElement":[{"@type":"ListItem","position":1,"name":"Accueil","item":"https:\/\/storhy.com\/en\/"},{"@type":"ListItem","position":2,"name":"HR Solution for SME","item":"https:\/\/storhy.com\/en\/hr-solution-sme\/"},{"@type":"ListItem","position":3,"name":"Personnel files management","item":"https:\/\/storhy.com\/en\/hr-solution-sme\/personnel-files-management\/"},{"@type":"ListItem","position":4,"name":"Analyses et requ\u00eates"}]},{"@type":"WebSite","@id":"https:\/\/storhy.com\/#website","url":"https:\/\/storhy.com\/","name":"Storhy - La gestion RH pour les PME","description":"La puissance de la gestion des ressources humaines pour les PME","potentialAction":[{"@type":"SearchAction","target":{"@type":"EntryPoint","urlTemplate":"https:\/\/storhy.com\/?s={search_term_string}"},"query-input":{"@type":"PropertyValueSpecification","valueRequired":true,"valueName":"search_term_string"}}],"inLanguage":"en-US"}]}},"_links":{"self":[{"href":"https:\/\/storhy.com\/en\/wp-json\/wp\/v2\/pages\/2779","targetHints":{"allow":["GET"]}}],"collection":[{"href":"https:\/\/storhy.com\/en\/wp-json\/wp\/v2\/pages"}],"about":[{"href":"https:\/\/storhy.com\/en\/wp-json\/wp\/v2\/types\/page"}],"author":[{"embeddable":true,"href":"https:\/\/storhy.com\/en\/wp-json\/wp\/v2\/users\/11"}],"replies":[{"embeddable":true,"href":"https:\/\/storhy.com\/en\/wp-json\/wp\/v2\/comments?post=2779"}],"version-history":[{"count":18,"href":"https:\/\/storhy.com\/en\/wp-json\/wp\/v2\/pages\/2779\/revisions"}],"predecessor-version":[{"id":5406,"href":"https:\/\/storhy.com\/en\/wp-json\/wp\/v2\/pages\/2779\/revisions\/5406"}],"up":[{"embeddable":true,"href":"https:\/\/storhy.com\/en\/wp-json\/wp\/v2\/pages\/2814"}],"wp:attachment":[{"href":"https:\/\/storhy.com\/en\/wp-json\/wp\/v2\/media?parent=2779"}],"curies":[{"name":"wp","href":"https:\/\/api.w.org\/{rel}","templated":true}]}}