{"id":2776,"date":"2015-06-25T17:39:13","date_gmt":"2015-06-25T16:39:13","guid":{"rendered":"https:\/\/storhy.com\/en\/guided-tour\/checklists\/"},"modified":"2019-05-15T11:27:40","modified_gmt":"2019-05-15T10:27:40","slug":"checklists","status":"publish","type":"page","link":"https:\/\/storhy.com\/en\/hr-solution-sme\/personnel-files-management\/checklists\/","title":{"rendered":"Checklists RH : : optimiser votre gestion des ressources humaines"},"content":{"rendered":"<div id=\"cs-content\" class=\"cs-content\"><\/div>\n","protected":false},"excerpt":{"rendered":"<p>Les checklists pour faciliter la gestion RH.\u00c7a c&#8217;est fait, \u00e0 telle date, commentaire.G\u00e9rez facilement votre personnelLes RH traitent un grand nombre de probl\u00e9matiques et notamment toutes les donn\u00e9es li\u00e9es \u00e0 la gestion du personnel. La diversit\u00e9 et la quantit\u00e9 de missions assign\u00e9es aux ressources humaines impliquent une r\u00e9elle organisation o\u00f9 les checklists deviennent indispensables. Les checklists interviennent dans deux types de situation\u00a0: Dans le cadre de la gestion courante des ressources humaines: au quotidien, la mise en place de checklist permettent aux responsables RH de s\u2019organiser et surtout de ne rien oublier. Dans le cadre d\u2019une t\u00e2che particuli\u00e8re: les checklists &#8230; <\/p>\n<div><a href=\"https:\/\/storhy.com\/en\/hr-solution-sme\/personnel-files-management\/checklists\/\" class=\"more-link\">Read More<\/a><\/div>\n","protected":false},"author":11,"featured_media":0,"parent":2814,"menu_order":0,"comment_status":"open","ping_status":"closed","template":"template-blank-4.php","meta":{"footnotes":""},"class_list":["post-2776","page","type-page","status-publish","hentry","no-post-thumbnail"],"yoast_head":"<!-- This site is optimized with the Yoast SEO plugin v27.4 - https:\/\/yoast.com\/product\/yoast-seo-wordpress\/ -->\n<title>Checklists RH : optimiser votre gestion des ressources humaines<\/title>\n<meta name=\"description\" content=\"Profitez de la puissance d&#039;une bonne gestion RH pour votre PME gr\u00e2ce aux fonctionnalit\u00e9s du logiciel Storhy. Avec notre logiciel SIRH, Storhy permet de cr\u00e9er des checklists par th\u00e8me, avec autant de points que vous souhaitez. Vous pouvez \u00e9galement ordonner les points facilement, et les assigner \u00e0 des acteurs.\" \/>\n<meta name=\"robots\" content=\"index, follow, max-snippet:-1, max-image-preview:large, max-video-preview:-1\" \/>\n<link rel=\"canonical\" href=\"https:\/\/storhy.com\/en\/hr-solution-sme\/personnel-files-management\/checklists\/\" \/>\n<meta property=\"og:locale\" content=\"en_US\" \/>\n<meta property=\"og:type\" content=\"article\" \/>\n<meta property=\"og:title\" content=\"Checklists RH : optimiser votre gestion des ressources humaines\" \/>\n<meta property=\"og:description\" content=\"Profitez de la puissance d&#039;une bonne gestion RH pour votre PME gr\u00e2ce aux fonctionnalit\u00e9s du logiciel Storhy. Avec notre logiciel SIRH, Storhy permet de cr\u00e9er des checklists par th\u00e8me, avec autant de points que vous souhaitez. Vous pouvez \u00e9galement ordonner les points facilement, et les assigner \u00e0 des acteurs.\" \/>\n<meta property=\"og:url\" content=\"https:\/\/storhy.com\/en\/hr-solution-sme\/personnel-files-management\/checklists\/\" \/>\n<meta property=\"og:site_name\" content=\"Storhy - La gestion RH pour les PME\" \/>\n<meta property=\"article:modified_time\" content=\"2019-05-15T10:27:40+00:00\" \/>\n<meta property=\"og:image\" content=\"https:\/\/storhy.com\/wp-content\/uploads\/2015\/09\/Logo-StorhyV4-SMALL-signature-e1442414792893.jpg\" \/>\n\t<meta property=\"og:image:width\" content=\"200\" \/>\n\t<meta property=\"og:image:height\" content=\"47\" \/>\n\t<meta property=\"og:image:type\" content=\"image\/jpeg\" \/>\n<meta name=\"twitter:card\" content=\"summary_large_image\" \/>\n<meta name=\"twitter:site\" content=\"@storhy\" \/>\n<meta name=\"twitter:label1\" content=\"Est. reading time\" \/>\n\t<meta name=\"twitter:data1\" content=\"6 minutes\" \/>\n<script type=\"application\/ld+json\" class=\"yoast-schema-graph\">{\"@context\":\"https:\\\/\\\/schema.org\",\"@graph\":[{\"@type\":\"WebPage\",\"@id\":\"https:\\\/\\\/storhy.com\\\/en\\\/hr-solution-sme\\\/personnel-files-management\\\/checklists\\\/\",\"url\":\"https:\\\/\\\/storhy.com\\\/en\\\/hr-solution-sme\\\/personnel-files-management\\\/checklists\\\/\",\"name\":\"Checklists RH : optimiser votre gestion des ressources humaines\",\"isPartOf\":{\"@id\":\"https:\\\/\\\/storhy.com\\\/#website\"},\"datePublished\":\"2015-06-25T16:39:13+00:00\",\"dateModified\":\"2019-05-15T10:27:40+00:00\",\"description\":\"Profitez de la puissance d'une bonne gestion RH pour votre PME gr\u00e2ce aux fonctionnalit\u00e9s du logiciel Storhy. Avec notre logiciel SIRH, Storhy permet de cr\u00e9er des checklists par th\u00e8me, avec autant de points que vous souhaitez. Vous pouvez \u00e9galement ordonner les points facilement, et les assigner \u00e0 des acteurs.\",\"breadcrumb\":{\"@id\":\"https:\\\/\\\/storhy.com\\\/en\\\/hr-solution-sme\\\/personnel-files-management\\\/checklists\\\/#breadcrumb\"},\"inLanguage\":\"en-US\",\"potentialAction\":[{\"@type\":\"ReadAction\",\"target\":[\"https:\\\/\\\/storhy.com\\\/en\\\/hr-solution-sme\\\/personnel-files-management\\\/checklists\\\/\"]}]},{\"@type\":\"BreadcrumbList\",\"@id\":\"https:\\\/\\\/storhy.com\\\/en\\\/hr-solution-sme\\\/personnel-files-management\\\/checklists\\\/#breadcrumb\",\"itemListElement\":[{\"@type\":\"ListItem\",\"position\":1,\"name\":\"Accueil\",\"item\":\"https:\\\/\\\/storhy.com\\\/en\\\/\"},{\"@type\":\"ListItem\",\"position\":2,\"name\":\"HR Solution for SME\",\"item\":\"https:\\\/\\\/storhy.com\\\/en\\\/hr-solution-sme\\\/\"},{\"@type\":\"ListItem\",\"position\":3,\"name\":\"Personnel files management\",\"item\":\"https:\\\/\\\/storhy.com\\\/en\\\/hr-solution-sme\\\/personnel-files-management\\\/\"},{\"@type\":\"ListItem\",\"position\":4,\"name\":\"Checklists RH : : optimiser votre gestion des ressources humaines\"}]},{\"@type\":\"WebSite\",\"@id\":\"https:\\\/\\\/storhy.com\\\/#website\",\"url\":\"https:\\\/\\\/storhy.com\\\/\",\"name\":\"Storhy - La gestion RH pour les PME\",\"description\":\"La puissance de la gestion des ressources humaines pour les PME\",\"potentialAction\":[{\"@type\":\"SearchAction\",\"target\":{\"@type\":\"EntryPoint\",\"urlTemplate\":\"https:\\\/\\\/storhy.com\\\/?s={search_term_string}\"},\"query-input\":{\"@type\":\"PropertyValueSpecification\",\"valueRequired\":true,\"valueName\":\"search_term_string\"}}],\"inLanguage\":\"en-US\"}]}<\/script>\n<!-- \/ Yoast SEO plugin. -->","yoast_head_json":{"title":"Checklists RH : optimiser votre gestion des ressources humaines","description":"Profitez de la puissance d'une bonne gestion RH pour votre PME gr\u00e2ce aux fonctionnalit\u00e9s du logiciel Storhy. Avec notre logiciel SIRH, Storhy permet de cr\u00e9er des checklists par th\u00e8me, avec autant de points que vous souhaitez. Vous pouvez \u00e9galement ordonner les points facilement, et les assigner \u00e0 des acteurs.","robots":{"index":"index","follow":"follow","max-snippet":"max-snippet:-1","max-image-preview":"max-image-preview:large","max-video-preview":"max-video-preview:-1"},"canonical":"https:\/\/storhy.com\/en\/hr-solution-sme\/personnel-files-management\/checklists\/","og_locale":"en_US","og_type":"article","og_title":"Checklists RH : optimiser votre gestion des ressources humaines","og_description":"Profitez de la puissance d'une bonne gestion RH pour votre PME gr\u00e2ce aux fonctionnalit\u00e9s du logiciel Storhy. Avec notre logiciel SIRH, Storhy permet de cr\u00e9er des checklists par th\u00e8me, avec autant de points que vous souhaitez. Vous pouvez \u00e9galement ordonner les points facilement, et les assigner \u00e0 des acteurs.","og_url":"https:\/\/storhy.com\/en\/hr-solution-sme\/personnel-files-management\/checklists\/","og_site_name":"Storhy - La gestion RH pour les PME","article_modified_time":"2019-05-15T10:27:40+00:00","og_image":[{"width":200,"height":47,"url":"https:\/\/storhy.com\/wp-content\/uploads\/2015\/09\/Logo-StorhyV4-SMALL-signature-e1442414792893.jpg","type":"image\/jpeg"}],"twitter_card":"summary_large_image","twitter_site":"@storhy","twitter_misc":{"Est. reading time":"6 minutes"},"schema":{"@context":"https:\/\/schema.org","@graph":[{"@type":"WebPage","@id":"https:\/\/storhy.com\/en\/hr-solution-sme\/personnel-files-management\/checklists\/","url":"https:\/\/storhy.com\/en\/hr-solution-sme\/personnel-files-management\/checklists\/","name":"Checklists RH : optimiser votre gestion des ressources humaines","isPartOf":{"@id":"https:\/\/storhy.com\/#website"},"datePublished":"2015-06-25T16:39:13+00:00","dateModified":"2019-05-15T10:27:40+00:00","description":"Profitez de la puissance d'une bonne gestion RH pour votre PME gr\u00e2ce aux fonctionnalit\u00e9s du logiciel Storhy. Avec notre logiciel SIRH, Storhy permet de cr\u00e9er des checklists par th\u00e8me, avec autant de points que vous souhaitez. Vous pouvez \u00e9galement ordonner les points facilement, et les assigner \u00e0 des acteurs.","breadcrumb":{"@id":"https:\/\/storhy.com\/en\/hr-solution-sme\/personnel-files-management\/checklists\/#breadcrumb"},"inLanguage":"en-US","potentialAction":[{"@type":"ReadAction","target":["https:\/\/storhy.com\/en\/hr-solution-sme\/personnel-files-management\/checklists\/"]}]},{"@type":"BreadcrumbList","@id":"https:\/\/storhy.com\/en\/hr-solution-sme\/personnel-files-management\/checklists\/#breadcrumb","itemListElement":[{"@type":"ListItem","position":1,"name":"Accueil","item":"https:\/\/storhy.com\/en\/"},{"@type":"ListItem","position":2,"name":"HR Solution for SME","item":"https:\/\/storhy.com\/en\/hr-solution-sme\/"},{"@type":"ListItem","position":3,"name":"Personnel files management","item":"https:\/\/storhy.com\/en\/hr-solution-sme\/personnel-files-management\/"},{"@type":"ListItem","position":4,"name":"Checklists RH : : optimiser votre gestion des ressources humaines"}]},{"@type":"WebSite","@id":"https:\/\/storhy.com\/#website","url":"https:\/\/storhy.com\/","name":"Storhy - La gestion RH pour les PME","description":"La puissance de la gestion des ressources humaines pour les PME","potentialAction":[{"@type":"SearchAction","target":{"@type":"EntryPoint","urlTemplate":"https:\/\/storhy.com\/?s={search_term_string}"},"query-input":{"@type":"PropertyValueSpecification","valueRequired":true,"valueName":"search_term_string"}}],"inLanguage":"en-US"}]}},"_links":{"self":[{"href":"https:\/\/storhy.com\/en\/wp-json\/wp\/v2\/pages\/2776","targetHints":{"allow":["GET"]}}],"collection":[{"href":"https:\/\/storhy.com\/en\/wp-json\/wp\/v2\/pages"}],"about":[{"href":"https:\/\/storhy.com\/en\/wp-json\/wp\/v2\/types\/page"}],"author":[{"embeddable":true,"href":"https:\/\/storhy.com\/en\/wp-json\/wp\/v2\/users\/11"}],"replies":[{"embeddable":true,"href":"https:\/\/storhy.com\/en\/wp-json\/wp\/v2\/comments?post=2776"}],"version-history":[{"count":20,"href":"https:\/\/storhy.com\/en\/wp-json\/wp\/v2\/pages\/2776\/revisions"}],"predecessor-version":[{"id":5402,"href":"https:\/\/storhy.com\/en\/wp-json\/wp\/v2\/pages\/2776\/revisions\/5402"}],"up":[{"embeddable":true,"href":"https:\/\/storhy.com\/en\/wp-json\/wp\/v2\/pages\/2814"}],"wp:attachment":[{"href":"https:\/\/storhy.com\/en\/wp-json\/wp\/v2\/media?parent=2776"}],"curies":[{"name":"wp","href":"https:\/\/api.w.org\/{rel}","templated":true}]}}